{"id":7,"date":"2019-05-21T13:22:04","date_gmt":"2019-05-21T11:22:04","guid":{"rendered":"http:\/\/dive.cologne\/wp\/wordpress\/?page_id=7"},"modified":"2026-03-18T09:34:53","modified_gmt":"2026-03-18T08:34:53","slug":"startseite","status":"publish","type":"page","link":"https:\/\/www.individual-diving.de\/","title":{"rendered":"Willkommen"},"content":{"rendered":"\n<p>Tauchen ist ein faszinierendes Hobby.<\/p>\n\n\n\n<figure class=\"wp-block-gallery has-nested-images columns-default is-cropped wp-block-gallery-1 is-layout-flex wp-block-gallery-is-layout-flex\">\n<figure class=\"wp-block-image size-large\"><img loading=\"lazy\" decoding=\"async\" width=\"1024\" height=\"491\" data-id=\"94\" src=\"https:\/\/www.individual-diving.de\/wp-content\/uploads\/2020\/02\/IMG_8360-scaled-e1581987392613-1024x491.jpg\" alt=\"\" class=\"wp-image-94\" srcset=\"https:\/\/www.individual-diving.de\/wp-content\/uploads\/2020\/02\/IMG_8360-scaled-e1581987392613-1024x491.jpg 1024w, https:\/\/www.individual-diving.de\/wp-content\/uploads\/2020\/02\/IMG_8360-scaled-e1581987392613-300x144.jpg 300w, https:\/\/www.individual-diving.de\/wp-content\/uploads\/2020\/02\/IMG_8360-scaled-e1581987392613-768x368.jpg 768w, https:\/\/www.individual-diving.de\/wp-content\/uploads\/2020\/02\/IMG_8360-scaled-e1581987392613-1536x737.jpg 1536w, https:\/\/www.individual-diving.de\/wp-content\/uploads\/2020\/02\/IMG_8360-scaled-e1581987392613-2048x982.jpg 2048w, https:\/\/www.individual-diving.de\/wp-content\/uploads\/2020\/02\/IMG_8360-scaled-e1581987392613-400x192.jpg 400w, https:\/\/www.individual-diving.de\/wp-content\/uploads\/2020\/02\/IMG_8360-scaled-e1581987392613-900x432.jpg 900w, https:\/\/www.individual-diving.de\/wp-content\/uploads\/2020\/02\/IMG_8360-scaled-e1581987392613-625x300.jpg 625w, https:\/\/www.individual-diving.de\/wp-content\/uploads\/2020\/02\/IMG_8360-scaled-e1581987392613-1407x675.jpg 1407w, https:\/\/www.individual-diving.de\/wp-content\/uploads\/2020\/02\/IMG_8360-scaled-e1581987392613-1920x921.jpg 1920w\" sizes=\"(max-width: 1024px) 100vw, 1024px\" \/><figcaption class=\"wp-element-caption\">Taucher im Mittelmeer (Gozo, Malta)<\/figcaption><\/figure>\n<\/figure>\n\n\n\n<p>Und so sch\u00f6n die Bilder im Internet und im Fernsehen auch sind &#8211; hier im kalten Deutschland kann man oftmals sich gar nicht vorstellen, dass Tauchen \u00fcberhaupt Spa\u00df machen kann. Deutsche Seen wirken auf viele eher be\u00e4ngstigend als einladend. Erwachsene, die noch nie den Kopf unter Wasser gesteckt haben, brauchen Zeit, um sich mit dem Gedanken vertraut zu machen, unter Wasser tats\u00e4chlich atmen zu k\u00f6nnen. Kinder brauchen eine angemessene Pr\u00e4sentation der Theorie zum Tauchen. Kurz: Viele Menschen brauchen einfach Zeit, um sich an die Unterwasserwelt heran zu tasten.<\/p>\n\n\n\n<p>Vor etwa 20 Jahren hatte ich erstmals spa\u00dfeshalber eine Pressluftflasche umgeschnallt und gef\u00fchlte Atemnot. Einige Jahre sp\u00e4ter lebte ich auf Kreta  versuchte ich mich beim Schnorcheln &#8211; der Strand war ja direkt vor der Haust\u00fcr. Aber ich vertraute dem Schnorchel nicht, hatte Angst Wasser einzuatmen. Dass ich sp\u00e4ter mal Tauchlehrer werde, war nun wirklich nicht abzusehen.<br>Im Nachbardorf war eine Tauchschule und ich dachte, wenn ich tauchen kann &#8211; selbst wenn es mir keinen Spa\u00df macht &#8211; ich kann auch schnorcheln. Den Schnorchel habe ich seitdem nur noch wenig ben\u00f6tigt.<\/p>\n\n\n\n<p>Aus eigener Erfahrung kann ich Sorgen und Bedenken nachvollziehen und so unterrichte ich auch so, dass jeder die Zeit bekommt, die er braucht, um Vertrauen in die Ausr\u00fcstung und sich selbst zu bekommen. Denn auch in Deutschland gibt es viel zu entdecken.<\/p>\n\n\n\n<figure class=\"wp-block-gallery has-nested-images columns-default is-cropped wp-block-gallery-2 is-layout-flex wp-block-gallery-is-layout-flex\">\n<figure class=\"wp-block-image size-large\"><img loading=\"lazy\" decoding=\"async\" width=\"1024\" height=\"683\" data-id=\"97\" src=\"https:\/\/www.individual-diving.de\/wp-content\/uploads\/2020\/02\/DSC03115-1024x683.jpg\" alt=\"\" class=\"wp-image-97\" srcset=\"https:\/\/www.individual-diving.de\/wp-content\/uploads\/2020\/02\/DSC03115-1024x683.jpg 1024w, https:\/\/www.individual-diving.de\/wp-content\/uploads\/2020\/02\/DSC03115-300x200.jpg 300w, https:\/\/www.individual-diving.de\/wp-content\/uploads\/2020\/02\/DSC03115-768x512.jpg 768w, https:\/\/www.individual-diving.de\/wp-content\/uploads\/2020\/02\/DSC03115-1536x1024.jpg 1536w, https:\/\/www.individual-diving.de\/wp-content\/uploads\/2020\/02\/DSC03115-2048x1365.jpg 2048w, https:\/\/www.individual-diving.de\/wp-content\/uploads\/2020\/02\/DSC03115-840x560.jpg 840w, https:\/\/www.individual-diving.de\/wp-content\/uploads\/2020\/02\/DSC03115-120x80.jpg 120w, https:\/\/www.individual-diving.de\/wp-content\/uploads\/2020\/02\/DSC03115-360x240.jpg 360w, https:\/\/www.individual-diving.de\/wp-content\/uploads\/2020\/02\/DSC03115-600x400.jpg 600w, https:\/\/www.individual-diving.de\/wp-content\/uploads\/2020\/02\/DSC03115-400x267.jpg 400w, https:\/\/www.individual-diving.de\/wp-content\/uploads\/2020\/02\/DSC03115-900x600.jpg 900w, https:\/\/www.individual-diving.de\/wp-content\/uploads\/2020\/02\/DSC03115-450x300.jpg 450w, https:\/\/www.individual-diving.de\/wp-content\/uploads\/2020\/02\/DSC03115-1013x675.jpg 1013w, https:\/\/www.individual-diving.de\/wp-content\/uploads\/2020\/02\/DSC03115-1620x1080.jpg 1620w\" sizes=\"(max-width: 1024px) 100vw, 1024px\" \/><figcaption class=\"wp-element-caption\">12j\u00e4hriger Taucher kurz nach seinem Open-Water-Kurs im Trocki<\/figcaption><\/figure>\n<\/figure>\n\n\n\n<p>Termine werden nicht vorgegeben, sondern so abgesprochen, wie es passt &#8211; terminlich, wie auch die pers\u00f6nlich. So kann ein Kurs in drei Tagen abgeschlossen sein, wenn es eilig ist, aber auch ein Jahr dauern, wenn es eher langsam gehen soll oder der Tauchkurs zwischen vielen andere Termine stattfinden muss.<\/p>\n\n\n\n<p>Es wird nach SSI-Standards unterrichtet und die SSI-Standards werden als  Mindeststandards verstanden. Das bedeutet, dass ein Kurs nicht abgeschlossen ist, wenn die Mindestanzahl an Tauchg\u00e4ngen erreicht ist, sondern wenn das Wissen sitzt. Der Tauchverband erlaubt Gruppengr\u00f6\u00dfen von 8 Tauchsch\u00fclern. Das bedeutet, dass eine Person die Aufmerksamkeit des Tauchlehrers hat und der Rest wartet. Statt Dein Tempo an das von Fremden anpassen zu m\u00fcssen, bekommst Du hier Deinen Tauchlehrer f\u00fcr Dich alleine, f\u00fcr Dich und Deinen Tauchpartner oder f\u00fcr Deine Familie. <br>Kommst Du mit mehreren, wird die Ausbildung pro Person g\u00fcnstiger. Aber grunds\u00e4tzlich sind eher kleine Gruppen angestrebt, so dass die Tauchzeit auch wirklich effizient f\u00fcr Dich genutzt werden kann und Du nicht den ganzen Tag mit Warten verbringst.<\/p>\n\n\n\n<p>Das Tauchen ist hier erstmal Hobby. Und so freue ich mich, wenn man nach Kursende nicht einfach wieder getrennter Wege geht, sondern sich eben auch weiterhin zum Tauchen trifft &#8211; ohne finanzielle Verpflichtungen. Die Fotos auf dieser Website sind keine Stock-Fotos, sondern entstanden bei privaten Ausfl\u00fcgen mit Freunden und ehemaligen Tauchsch\u00fclern.<\/p>\n\n\n\n<figure class=\"wp-block-gallery has-nested-images columns-default is-cropped wp-block-gallery-3 is-layout-flex wp-block-gallery-is-layout-flex\">\n<figure class=\"wp-block-image size-large\"><img loading=\"lazy\" decoding=\"async\" width=\"1024\" height=\"683\" data-id=\"95\" src=\"https:\/\/www.individual-diving.de\/wp-content\/uploads\/2020\/02\/DSC02963-1024x683.jpg\" alt=\"\" class=\"wp-image-95\" srcset=\"https:\/\/www.individual-diving.de\/wp-content\/uploads\/2020\/02\/DSC02963-1024x683.jpg 1024w, https:\/\/www.individual-diving.de\/wp-content\/uploads\/2020\/02\/DSC02963-300x200.jpg 300w, https:\/\/www.individual-diving.de\/wp-content\/uploads\/2020\/02\/DSC02963-768x512.jpg 768w, https:\/\/www.individual-diving.de\/wp-content\/uploads\/2020\/02\/DSC02963-1536x1024.jpg 1536w, https:\/\/www.individual-diving.de\/wp-content\/uploads\/2020\/02\/DSC02963-2048x1365.jpg 2048w, https:\/\/www.individual-diving.de\/wp-content\/uploads\/2020\/02\/DSC02963-840x560.jpg 840w, https:\/\/www.individual-diving.de\/wp-content\/uploads\/2020\/02\/DSC02963-120x80.jpg 120w, https:\/\/www.individual-diving.de\/wp-content\/uploads\/2020\/02\/DSC02963-360x240.jpg 360w, https:\/\/www.individual-diving.de\/wp-content\/uploads\/2020\/02\/DSC02963-600x400.jpg 600w, https:\/\/www.individual-diving.de\/wp-content\/uploads\/2020\/02\/DSC02963-400x267.jpg 400w, https:\/\/www.individual-diving.de\/wp-content\/uploads\/2020\/02\/DSC02963-900x600.jpg 900w, https:\/\/www.individual-diving.de\/wp-content\/uploads\/2020\/02\/DSC02963-450x300.jpg 450w, https:\/\/www.individual-diving.de\/wp-content\/uploads\/2020\/02\/DSC02963-1013x675.jpg 1013w, https:\/\/www.individual-diving.de\/wp-content\/uploads\/2020\/02\/DSC02963-1620x1080.jpg 1620w\" sizes=\"(max-width: 1024px) 100vw, 1024px\" \/><figcaption class=\"wp-element-caption\">Tauchen mit St\u00f6ren<\/figcaption><\/figure>\n<\/figure>\n\n\n\n<p>Das Tauchen in Deutschland kann genauso angenehm sein wie im Mittelmeer oder im roten Meer. Die Unterwasserwelt ist nur nicht so bunt aber doch ein Abenteuer.<\/p>\n\n\n\n<p>Wem Deutschland zu kalt erscheint &#8211; wir bilden auch Trockentauchen aus. Und wer den Tauchschein im Winter machen m\u00f6chte, da schauen wir auch gerne, ob man den Tauchschein gleich im Trocki anbieten k\u00f6nnen.<\/p>\n","protected":false},"excerpt":{"rendered":"<p>Tauchen ist ein faszinierendes Hobby. Und so sch\u00f6n die Bilder im Internet und im Fernsehen auch sind &#8211; hier im[&#8230;]<\/p>\n","protected":false},"author":1,"featured_media":78,"parent":0,"menu_order":1,"comment_status":"closed","ping_status":"closed","template":"","meta":{"footnotes":""},"_links":{"self":[{"href":"https:\/\/www.individual-diving.de\/index.php\/wp-json\/wp\/v2\/pages\/7"}],"collection":[{"href":"https:\/\/www.individual-diving.de\/index.php\/wp-json\/wp\/v2\/pages"}],"about":[{"href":"https:\/\/www.individual-diving.de\/index.php\/wp-json\/wp\/v2\/types\/page"}],"author":[{"embeddable":true,"href":"https:\/\/www.individual-diving.de\/index.php\/wp-json\/wp\/v2\/users\/1"}],"replies":[{"embeddable":true,"href":"https:\/\/www.individual-diving.de\/index.php\/wp-json\/wp\/v2\/comments?post=7"}],"version-history":[{"count":9,"href":"https:\/\/www.individual-diving.de\/index.php\/wp-json\/wp\/v2\/pages\/7\/revisions"}],"predecessor-version":[{"id":254,"href":"https:\/\/www.individual-diving.de\/index.php\/wp-json\/wp\/v2\/pages\/7\/revisions\/254"}],"wp:featuredmedia":[{"embeddable":true,"href":"https:\/\/www.individual-diving.de\/index.php\/wp-json\/wp\/v2\/media\/78"}],"wp:attachment":[{"href":"https:\/\/www.individual-diving.de\/index.php\/wp-json\/wp\/v2\/media?parent=7"}],"curies":[{"name":"wp","href":"https:\/\/api.w.org\/{rel}","templated":true}]}}