{"id":66,"date":"2020-02-15T15:55:40","date_gmt":"2020-02-15T14:55:40","guid":{"rendered":"http:\/\/dive.cologne\/wp\/wordpress\/?page_id=66"},"modified":"2024-06-15T00:37:42","modified_gmt":"2024-06-14T22:37:42","slug":"specialty-navigation","status":"publish","type":"page","link":"https:\/\/www.individual-diving.de\/index.php\/kurse\/specialtys\/specialty-navigation\/","title":{"rendered":"Specialty &#8222;Navigation&#8220;"},"content":{"rendered":"\n<p>Kaum steigt man in einen See, hat man als frisch gebackener Open-Water-Diver auch schon die Orientierung verloren. Wo taucht man hin? Und vor allem: Wie taucht man wieder zur\u00fcck?<\/p>\n\n\n\n<p>Man kann sich leicht behelfen, indem man regelm\u00e4\u00dfig aus dem Wasser schaut, wo man eigentlich eingestiegen ist, aber trotzdem tauchen die meisten Taucher ziemlich genau da wieder auf, wo sie auch ins Wasser gegangen sind. Wie machen die das?<\/p>\n\n\n\n<p>Im Kurs werden wir uns viel mit dem Kompass besch\u00e4ftigen, wie man ihn richtig bedient und wie man ihn falsch bedient. Wir werden \u00fcberlegen, wie wir Entfernungen absch\u00e4tzen k\u00f6nnen und woran wir uns unter Wasser alles orientieren k\u00f6nnen.<\/p>\n\n\n\n<p><strong>Voraussetzungen<\/strong><\/p>\n\n\n\n<p>Mindestalter: 10 Jahre<br>Ausbildungsstand: Open-Water-Diver<\/p>\n\n\n\n<p><strong>Ablauf<\/strong><\/p>\n\n\n\n<p>Online-Theorie \u00fcber divessi.com, anschlie\u00dfend Online Theorie\u00fcberpr\u00fcfung in lockerer Diskussionsform, abschlie\u00dfend ein Multiple-Choice-Test<\/p>\n\n\n\n<p>2 Tauchg\u00e4nge im Freiwasser<\/p>\n","protected":false},"excerpt":{"rendered":"<p>Kaum steigt man in einen See, hat man als frisch gebackener Open-Water-Diver auch schon die Orientierung verloren. Wo taucht man[&#8230;]<\/p>\n","protected":false},"author":1,"featured_media":0,"parent":34,"menu_order":0,"comment_status":"closed","ping_status":"closed","template":"","meta":{"footnotes":""},"_links":{"self":[{"href":"https:\/\/www.individual-diving.de\/index.php\/wp-json\/wp\/v2\/pages\/66"}],"collection":[{"href":"https:\/\/www.individual-diving.de\/index.php\/wp-json\/wp\/v2\/pages"}],"about":[{"href":"https:\/\/www.individual-diving.de\/index.php\/wp-json\/wp\/v2\/types\/page"}],"author":[{"embeddable":true,"href":"https:\/\/www.individual-diving.de\/index.php\/wp-json\/wp\/v2\/users\/1"}],"replies":[{"embeddable":true,"href":"https:\/\/www.individual-diving.de\/index.php\/wp-json\/wp\/v2\/comments?post=66"}],"version-history":[{"count":2,"href":"https:\/\/www.individual-diving.de\/index.php\/wp-json\/wp\/v2\/pages\/66\/revisions"}],"predecessor-version":[{"id":177,"href":"https:\/\/www.individual-diving.de\/index.php\/wp-json\/wp\/v2\/pages\/66\/revisions\/177"}],"up":[{"embeddable":true,"href":"https:\/\/www.individual-diving.de\/index.php\/wp-json\/wp\/v2\/pages\/34"}],"wp:attachment":[{"href":"https:\/\/www.individual-diving.de\/index.php\/wp-json\/wp\/v2\/media?parent=66"}],"curies":[{"name":"wp","href":"https:\/\/api.w.org\/{rel}","templated":true}]}}