{"id":59,"date":"2020-02-15T15:46:04","date_gmt":"2020-02-15T14:46:04","guid":{"rendered":"http:\/\/dive.cologne\/wp\/wordpress\/?page_id=59"},"modified":"2020-02-18T18:52:01","modified_gmt":"2020-02-18T17:52:01","slug":"schnuppertauchen-dry","status":"publish","type":"page","link":"https:\/\/www.individual-diving.de\/index.php\/kurse\/schnuppertauchen\/schnuppertauchen-dry\/","title":{"rendered":"Schnuppertauchen &#8222;Dry&#8220;"},"content":{"rendered":"\n<p>Wer seinen Open-Water-Tauchschein schon hat und sich f\u00fcr das Tauchen in k\u00e4lteren Gew\u00e4ssern interessiert, aber noch nicht wei\u00df, ob das Trockentauchen etwas f\u00fcr ihn ist, kann zun\u00e4chst auch einfach mal ein Schnuppertauchen ausprobieren.<\/p>\n\n\n\n<p>Sofern wir einen passenden Trockentauchanzug bereitstellen k\u00f6nnen, erh\u00e4ltst Du eine Einweisung ins Trockentauchen und wirst von einem Tauchlehrer im See begleitet.<\/p>\n","protected":false},"excerpt":{"rendered":"<p>Wer seinen Open-Water-Tauchschein schon hat und sich f\u00fcr das Tauchen in k\u00e4lteren Gew\u00e4ssern interessiert, aber noch nicht wei\u00df, ob das[&#8230;]<\/p>\n","protected":false},"author":1,"featured_media":0,"parent":57,"menu_order":0,"comment_status":"closed","ping_status":"closed","template":"","meta":{"footnotes":""},"_links":{"self":[{"href":"https:\/\/www.individual-diving.de\/index.php\/wp-json\/wp\/v2\/pages\/59"}],"collection":[{"href":"https:\/\/www.individual-diving.de\/index.php\/wp-json\/wp\/v2\/pages"}],"about":[{"href":"https:\/\/www.individual-diving.de\/index.php\/wp-json\/wp\/v2\/types\/page"}],"author":[{"embeddable":true,"href":"https:\/\/www.individual-diving.de\/index.php\/wp-json\/wp\/v2\/users\/1"}],"replies":[{"embeddable":true,"href":"https:\/\/www.individual-diving.de\/index.php\/wp-json\/wp\/v2\/comments?post=59"}],"version-history":[{"count":1,"href":"https:\/\/www.individual-diving.de\/index.php\/wp-json\/wp\/v2\/pages\/59\/revisions"}],"predecessor-version":[{"id":60,"href":"https:\/\/www.individual-diving.de\/index.php\/wp-json\/wp\/v2\/pages\/59\/revisions\/60"}],"up":[{"embeddable":true,"href":"https:\/\/www.individual-diving.de\/index.php\/wp-json\/wp\/v2\/pages\/57"}],"wp:attachment":[{"href":"https:\/\/www.individual-diving.de\/index.php\/wp-json\/wp\/v2\/media?parent=59"}],"curies":[{"name":"wp","href":"https:\/\/api.w.org\/{rel}","templated":true}]}}