{"id":57,"date":"2020-02-15T15:42:14","date_gmt":"2020-02-15T14:42:14","guid":{"rendered":"http:\/\/dive.cologne\/wp\/wordpress\/?page_id=57"},"modified":"2024-06-18T23:50:03","modified_gmt":"2024-06-18T21:50:03","slug":"schnuppertauchen","status":"publish","type":"page","link":"https:\/\/www.individual-diving.de\/index.php\/kurse\/schnuppertauchen\/","title":{"rendered":"Schnuppertauchen"},"content":{"rendered":"\n<p>Tauchen hat Dich schon immer fasziniert und jetzt m\u00f6chtest Du es einfach mal ausprobieren? Es gibt unterschiedliche M\u00f6glichkeiten, wo und wie lange wir erstmalig tauchen gehen k\u00f6nnen. Unabh\u00e4ngig vom Gew\u00e4sser sind wir als Schnuppertaucher auf maximal 5m Tiefe begrenzt.<\/p>\n\n\n\n<p><strong>Schnuppertauchen im Schwimmbad<\/strong><\/p>\n\n\n\n<p>An den Wochenenden k\u00f6nnen wir nach Vereinbarung morgens im Schwimmbad &#8222;De B\u00fctt&#8220; in H\u00fcrth von 8 bis 10 Uhr tauchen. Hier bereiten wir alles vor und haben etwa 30-40 Minuten Zeit, die wir tats\u00e4chlich im Wasser verbringen. Es gibt direkt am Becken eine Einweisung, was es zu beachten gilt und wie die Ausr\u00fcstung funktioniert und anschlie\u00dfend tauchen wir zusammen ab. Spa\u00df zu haben ist das Ziel und im Idealfall sp\u00fcrt ihr im Verlauf des Schnuppertauchens wie es sich anf\u00fchlt im Wasser frei zu schweben.<\/p>\n\n\n\n<p><strong>Schnuppertauchen im Indoor-Tauchcenter<\/strong><\/p>\n\n\n\n<p>Wer sich lieber etwas mehr Zeit nimmt, kann mit sich auch einen richtigen Tauchturm ansehen, zum Beispiel das Dive4Life in Siegburg oder das MonteMare in Rheinbach. Hier haben wir in der Regel 3,5 Stunden Zeit und schaffen in der Regel einen Tauchgang zum Eingew\u00f6hnen und einen zweiten, wo ihr euch schon relativ frei bewegen k\u00f6nnt. Ihr lernt zus\u00e4tzlich, die Ausr\u00fcstung selbst zusammen zu bauen und worauf zu achten ist. Bereits eine gute Vorbereitung f\u00fcr einen Open-Water-Tauchkurs.<\/p>\n\n\n\n<p><strong>Schnuppertauchen im See<\/strong><\/p>\n\n\n\n<p>W\u00e4hrend des Sommers und Herbstes besteht die M\u00f6glichkeit das Schnuppertauchen je nach Wetterlage an den See zu verlagern, also in einem richtigen Gew\u00e4sser tauchen zu gehen, die Landschaft unter Wasser zu genie\u00dfen und mit etwas Gl\u00fcck auch Fische zu beobachten.<\/p>\n\n\n\n<h2 class=\"wp-block-heading\">Basic-Diver<\/h2>\n\n\n\n<p>Wem 5m nicht reichen, der kann mit wenig Mehraufwand das <a href=\"http:\/\/www.individual-diving.de\/?page_id=202\" data-type=\"page\" data-id=\"202\">Basic-Diver-Programm<\/a> ansehen. Hier darf eine Maximaltiefe von 12m erreicht werden.<\/p>\n","protected":false},"excerpt":{"rendered":"<p>Tauchen hat Dich schon immer fasziniert und jetzt m\u00f6chtest Du es einfach mal ausprobieren? Es gibt unterschiedliche M\u00f6glichkeiten, wo und[&#8230;]<\/p>\n","protected":false},"author":1,"featured_media":0,"parent":26,"menu_order":5,"comment_status":"closed","ping_status":"closed","template":"","meta":{"footnotes":""},"_links":{"self":[{"href":"https:\/\/www.individual-diving.de\/index.php\/wp-json\/wp\/v2\/pages\/57"}],"collection":[{"href":"https:\/\/www.individual-diving.de\/index.php\/wp-json\/wp\/v2\/pages"}],"about":[{"href":"https:\/\/www.individual-diving.de\/index.php\/wp-json\/wp\/v2\/types\/page"}],"author":[{"embeddable":true,"href":"https:\/\/www.individual-diving.de\/index.php\/wp-json\/wp\/v2\/users\/1"}],"replies":[{"embeddable":true,"href":"https:\/\/www.individual-diving.de\/index.php\/wp-json\/wp\/v2\/comments?post=57"}],"version-history":[{"count":2,"href":"https:\/\/www.individual-diving.de\/index.php\/wp-json\/wp\/v2\/pages\/57\/revisions"}],"predecessor-version":[{"id":203,"href":"https:\/\/www.individual-diving.de\/index.php\/wp-json\/wp\/v2\/pages\/57\/revisions\/203"}],"up":[{"embeddable":true,"href":"https:\/\/www.individual-diving.de\/index.php\/wp-json\/wp\/v2\/pages\/26"}],"wp:attachment":[{"href":"https:\/\/www.individual-diving.de\/index.php\/wp-json\/wp\/v2\/media?parent=57"}],"curies":[{"name":"wp","href":"https:\/\/api.w.org\/{rel}","templated":true}]}}