{"id":45,"date":"2020-02-15T14:29:43","date_gmt":"2020-02-15T13:29:43","guid":{"rendered":"http:\/\/dive.cologne\/wp\/wordpress\/?page_id=45"},"modified":"2024-06-15T01:01:29","modified_gmt":"2024-06-14T23:01:29","slug":"specialty-nitrox","status":"publish","type":"page","link":"https:\/\/www.individual-diving.de\/index.php\/kurse\/specialtys\/specialty-nitrox\/","title":{"rendered":"Specialty &#8222;Nitrox&#8220;"},"content":{"rendered":"\n<p>Nitrox ist ein mit Sauerstoff angereicherte Pressluft. Im Open-Water-Kurs lernen wir, dass sich unser K\u00f6rper w\u00e4hrend des Tauchens mit Stickstoff anreichert und das unsere Tauchzeit einschr\u00e4nkt und bei zu schnellen Aufstiegen zur Dekompressionskrankheit f\u00fchren kann.<\/p>\n\n\n\n<p>Mit Nitrox darf man <strong>nicht<\/strong> tiefer tauchen, aber gerade wenn wir im tiefen Bereich unterwegs sind, k\u00f6nnen wir Stickstoffbelastung reduzieren, also auch die Stickstoffnarkose im Vergleich zu Luft reduzieren.<\/p>\n\n\n\n<p>Bei Nitrox wird die normale Atemluft mit Sauerstoff angereichert und damit Stickstoff aus dem Atemgas verdr\u00e4ngt. Damit verringert sich die Stickstoffmenge, die auf den K\u00f6rper einwirkt. Entsprechend verl\u00e4ngert sich die maximale Tauchzeit oder es wird das Risiko einer Dekompressionskrankheit reduziert. <\/p>\n\n\n\n<p>Allerdings gibt es im Umgang mit Sauerstoff auch einiges zu beachten und das schauen wir uns im Detail in diesem Kurs an.<\/p>\n\n\n\n<p><strong>Voraussetzungen<\/strong><\/p>\n\n\n\n<p>Mindestalter: 10 Jahre<br>Ausbildungsstand: Open-Water-Diver<\/p>\n\n\n\n<p><strong>Ablauf<\/strong><\/p>\n\n\n\n<p>Online-Theorie \u00fcber divessi.com, anschlie\u00dfend Online Theorie\u00fcberpr\u00fcfung in lockerer Diskussionsform, abschlie\u00dfend ein Multiple-Choice-Test<\/p>\n\n\n\n<p>2 Tauchlektionen Indoor oder im Freiwasser<\/p>\n","protected":false},"excerpt":{"rendered":"<p>Nitrox ist ein mit Sauerstoff angereicherte Pressluft. Im Open-Water-Kurs lernen wir, dass sich unser K\u00f6rper w\u00e4hrend des Tauchens mit Stickstoff[&#8230;]<\/p>\n","protected":false},"author":1,"featured_media":0,"parent":34,"menu_order":0,"comment_status":"closed","ping_status":"closed","template":"","meta":{"footnotes":""},"_links":{"self":[{"href":"https:\/\/www.individual-diving.de\/index.php\/wp-json\/wp\/v2\/pages\/45"}],"collection":[{"href":"https:\/\/www.individual-diving.de\/index.php\/wp-json\/wp\/v2\/pages"}],"about":[{"href":"https:\/\/www.individual-diving.de\/index.php\/wp-json\/wp\/v2\/types\/page"}],"author":[{"embeddable":true,"href":"https:\/\/www.individual-diving.de\/index.php\/wp-json\/wp\/v2\/users\/1"}],"replies":[{"embeddable":true,"href":"https:\/\/www.individual-diving.de\/index.php\/wp-json\/wp\/v2\/comments?post=45"}],"version-history":[{"count":3,"href":"https:\/\/www.individual-diving.de\/index.php\/wp-json\/wp\/v2\/pages\/45\/revisions"}],"predecessor-version":[{"id":185,"href":"https:\/\/www.individual-diving.de\/index.php\/wp-json\/wp\/v2\/pages\/45\/revisions\/185"}],"up":[{"embeddable":true,"href":"https:\/\/www.individual-diving.de\/index.php\/wp-json\/wp\/v2\/pages\/34"}],"wp:attachment":[{"href":"https:\/\/www.individual-diving.de\/index.php\/wp-json\/wp\/v2\/media?parent=45"}],"curies":[{"name":"wp","href":"https:\/\/api.w.org\/{rel}","templated":true}]}}