{"id":26,"date":"2020-02-15T13:41:06","date_gmt":"2020-02-15T12:41:06","guid":{"rendered":"http:\/\/dive.cologne\/wp\/wordpress\/?page_id=26"},"modified":"2020-02-18T18:53:50","modified_gmt":"2020-02-18T17:53:50","slug":"kurse","status":"publish","type":"page","link":"https:\/\/www.individual-diving.de\/index.php\/kurse\/","title":{"rendered":"Tauchkurse"},"content":{"rendered":"\n<h2 class=\"wp-block-heading\">Der Open-Water-Diver-Kurs<\/h2>\n\n\n\n<p>International g\u00fcltige Tauchausbildung im Ger\u00e4tetauchen als Eintritt in die Unterwasserwelt f\u00fcr Erwachsene und Jugendliche ab dem 15. Lebensjahr.<\/p>\n\n\n\n<p><a href=\"http:\/\/dive.cologne\/wp\/wordpress\/index.php\/open-water-diver\/\">Mehr Informationen&#8230;<\/a><\/p>\n\n\n\n<h2 class=\"wp-block-heading\">Junior-Open-Water-Diver<\/h2>\n\n\n\n<p>Der Open-Water-Diver-Kurs f\u00fcr Kinder ab 10 und Jugendliche j\u00fcnger als 15 Jahre. <\/p>\n\n\n\n<p><a href=\"http:\/\/dive.cologne\/wp\/wordpress\/index.php\/kurse\/junior-open-water-kurs\/\">Mehr Informationen&#8230;<\/a><\/p>\n\n\n\n<h2 class=\"wp-block-heading\">Mermaiding<\/h2>\n\n\n\n<p>Mermaiding ist der Traum vieler M\u00e4dchen, die mit Ger\u00e4te-Tauchen nichts am Hut haben, aber auch f\u00fcr Jungs interessant, die erste Schritte im Apnoe-Tauchen mit Mono-Flosse (und in der Regel ohne Kost\u00fcm) sammeln wollen.<\/p>\n\n\n\n<p><a href=\"http:\/\/dive.cologne\/wp\/wordpress\/index.php\/kurse\/mermaiding\/\">Mehr Informationen&#8230;<\/a><\/p>\n","protected":false},"excerpt":{"rendered":"<p>Der Open-Water-Diver-Kurs International g\u00fcltige Tauchausbildung im Ger\u00e4tetauchen als Eintritt in die Unterwasserwelt f\u00fcr Erwachsene und Jugendliche ab dem 15. Lebensjahr.[&#8230;]<\/p>\n","protected":false},"author":1,"featured_media":0,"parent":0,"menu_order":10,"comment_status":"closed","ping_status":"closed","template":"","meta":{"footnotes":""},"_links":{"self":[{"href":"https:\/\/www.individual-diving.de\/index.php\/wp-json\/wp\/v2\/pages\/26"}],"collection":[{"href":"https:\/\/www.individual-diving.de\/index.php\/wp-json\/wp\/v2\/pages"}],"about":[{"href":"https:\/\/www.individual-diving.de\/index.php\/wp-json\/wp\/v2\/types\/page"}],"author":[{"embeddable":true,"href":"https:\/\/www.individual-diving.de\/index.php\/wp-json\/wp\/v2\/users\/1"}],"replies":[{"embeddable":true,"href":"https:\/\/www.individual-diving.de\/index.php\/wp-json\/wp\/v2\/comments?post=26"}],"version-history":[{"count":5,"href":"https:\/\/www.individual-diving.de\/index.php\/wp-json\/wp\/v2\/pages\/26\/revisions"}],"predecessor-version":[{"id":216,"href":"https:\/\/www.individual-diving.de\/index.php\/wp-json\/wp\/v2\/pages\/26\/revisions\/216"}],"wp:attachment":[{"href":"https:\/\/www.individual-diving.de\/index.php\/wp-json\/wp\/v2\/media?parent=26"}],"curies":[{"name":"wp","href":"https:\/\/api.w.org\/{rel}","templated":true}]}}