{"id":235,"date":"2025-05-28T14:25:57","date_gmt":"2025-05-28T12:25:57","guid":{"rendered":"http:\/\/www.individual-diving.de\/?page_id=235"},"modified":"2026-02-08T21:28:09","modified_gmt":"2026-02-08T20:28:09","slug":"groessen-neoprenanzuege","status":"publish","type":"page","link":"https:\/\/www.individual-diving.de\/index.php\/groessen-neoprenanzuege\/","title":{"rendered":"Gr\u00f6\u00dfen Neoprenanz\u00fcge"},"content":{"rendered":"\n<h2 class=\"wp-block-heading\">Mares Rover Herrengr\u00f6\u00dfe<\/h2>\n\n\n\n<figure class=\"wp-block-table is-style-stripes\"><table><thead><tr><th><strong>Gr\u00f6\u00dfe<\/strong><\/th><th><\/th><th><strong>Herrengr\u00f6\u00dfe<\/strong><\/th><th><strong>Gr\u00f6\u00dfe<\/strong><\/th><th><strong>Gewicht<\/strong><\/th><th><strong>Brust<\/strong><\/th><th><strong>Taille<\/strong><\/th><th><strong>H\u00fcfte<\/strong><\/th><\/tr><\/thead><tbody><tr><td>1<\/td><td><\/td><td><\/td><td><\/td><td><\/td><td><\/td><td><\/td><td><\/td><\/tr><tr><td>2<\/td><td>S<\/td><td>46-48<\/td><td>167-175<\/td><td>54-70<\/td><td>86-96<\/td><td>68-81<\/td><td>86-96<\/td><\/tr><tr><td>3<\/td><td>M<\/td><td>48-50<\/td><td>172-180<\/td><td>61-79<\/td><td>91-100<\/td><td>73-86<\/td><td>91-101<\/td><\/tr><tr><td>4<\/td><td>ML<\/td><td>50-52<\/td><td>177-185<\/td><td>70-88<\/td><td>96-109<\/td><td>78-93<\/td><td>96-109<\/td><\/tr><tr><td>5<\/td><td>L<\/td><td>52-54<\/td><td>182-190<\/td><td>79-97<\/td><td>100-116<\/td><td>83-99<\/td><td>100-116<\/td><\/tr><tr><td>6<\/td><td>XL<\/td><td>54-56<\/td><td>185-195<\/td><td>83-107<\/td><td>106-124<\/td><td>88-104<\/td><td>106-124<\/td><\/tr><tr><td>7<\/td><td>XXL<\/td><td>56-58<\/td><td>188-200<\/td><td>&gt;92<\/td><td>111-132<\/td><td>91-111<\/td><td>111-1312<\/td><\/tr><tr><td>8<\/td><td>3XL<\/td><td>58-60<\/td><td>193-205<\/td><td>&gt;110<\/td><td>115-139<\/td><td>95-117<\/td><td>115-139<\/td><\/tr><\/tbody><\/table><\/figure>\n\n\n\n<h2 class=\"wp-block-heading\">Mares Rover Damengr\u00f6\u00dfen<\/h2>\n\n\n\n<figure class=\"wp-block-table is-style-stripes\"><table><thead><tr><th><strong>Gr\u00f6\u00dfe<\/strong><\/th><th><\/th><th><strong>Damengr\u00f6\u00dfe<\/strong><\/th><th><strong>Gr\u00f6\u00dfe<\/strong><\/th><th><strong>Gewicht<\/strong><\/th><th><strong>Brust<\/strong><\/th><th><strong>Taille<\/strong><\/th><th><strong>H\u00fcfte<\/strong><\/th><\/tr><\/thead><tbody><tr><td>1<\/td><td>XS<\/td><td>36<\/td><td>155-165<\/td><td>47-52<\/td><td>76-81<\/td><td>58-63<\/td><td>76-81<\/td><\/tr><tr><td>2<\/td><td>S<\/td><td>38<\/td><td>161-170<\/td><td>52-57<\/td><td>81-86<\/td><td>63-68<\/td><td>81-86<\/td><\/tr><tr><td>3<\/td><td>M<\/td><td>40<\/td><td>167-173<\/td><td>57-61<\/td><td>86-91<\/td><td>68-73<\/td><td>86-91<\/td><\/tr><tr><td>4<\/td><td>L<\/td><td>40-42<\/td><td>170-176<\/td><td>61-66<\/td><td>91-96<\/td><td>73-78<\/td><td>91-96<\/td><\/tr><tr><td>5<\/td><td>XL<\/td><td>42-44<\/td><td>173-179<\/td><td>66-71<\/td><td>96-101<\/td><td>78-83<\/td><td>96-101<\/td><\/tr><tr><td>6<\/td><td>XXL<\/td><td>44-46<\/td><td>179-187<\/td><td>71-79<\/td><td>101-106<\/td><td>83-88<\/td><td>96-102<\/td><\/tr><tr><td>7<\/td><td><\/td><td><\/td><td><\/td><td><\/td><td><\/td><td><\/td><td><\/td><\/tr><tr><td>8<\/td><td><\/td><td><\/td><td><\/td><td><\/td><td><\/td><td><\/td><td><\/td><\/tr><\/tbody><\/table><\/figure>\n\n\n\n<h2 class=\"wp-block-heading\">Mares Rover Kindergr\u00f6\u00dfen<\/h2>\n\n\n\n<figure class=\"wp-block-table is-style-stripes\"><table><thead><tr><th><strong>Gr\u00f6\u00dfe<\/strong><\/th><th><\/th><th><strong>Kindergr\u00f6\u00dfe<\/strong><\/th><th><strong>Gr\u00f6\u00dfe<\/strong><\/th><th><strong>Gewicht<\/strong><\/th><th><strong>Brust<\/strong><\/th><th><strong>Taille<\/strong><\/th><th><strong>H\u00fcfte<\/strong><\/th><\/tr><\/thead><tbody><tr><td>-3<\/td><td>XXXS<\/td><td>~8 Jahre<\/td><td>110-120<\/td><td>&lt;30<\/td><td>56<\/td><td>52<\/td><td>66<\/td><\/tr><tr><td>-2<\/td><td>XXS<\/td><td>~ 8-10 Jahre<\/td><td>120-130<\/td><td>~30<\/td><td>61<\/td><td>56<\/td><td>75<\/td><\/tr><tr><td>-1<\/td><td>XS<\/td><td>~ 10-12 Jahre<\/td><td>130-140<\/td><td>~35<\/td><td>67<\/td><td>60<\/td><td>79<\/td><\/tr><tr><td>0<\/td><td>S<\/td><td>~ 12-14 Jahre<\/td><td>140-150<\/td><td>~40<\/td><td>73<\/td><td>65<\/td><td>87<\/td><\/tr><tr><td>1<\/td><td>M<\/td><td>36 \/ 44-46<\/td><td>150-165<\/td><td>47-54<\/td><td>76-81<\/td><td>58-81<\/td><td>76-81<\/td><\/tr><tr><td>2<\/td><td>L<\/td><td>38 \/ 46-48<\/td><td>161-175<\/td><td>52-70<\/td><td>81-86<\/td><td>63-81<\/td><td>81-96<\/td><\/tr><\/tbody><\/table><\/figure>\n","protected":false},"excerpt":{"rendered":"<p>Mares Rover Herrengr\u00f6\u00dfe Gr\u00f6\u00dfe Herrengr\u00f6\u00dfe Gr\u00f6\u00dfe Gewicht Brust Taille H\u00fcfte 1 2 S 46-48 167-175 54-70 86-96 68-81 86-96 3[&#8230;]<\/p>\n","protected":false},"author":1,"featured_media":0,"parent":0,"menu_order":0,"comment_status":"closed","ping_status":"closed","template":"","meta":{"footnotes":""},"_links":{"self":[{"href":"https:\/\/www.individual-diving.de\/index.php\/wp-json\/wp\/v2\/pages\/235"}],"collection":[{"href":"https:\/\/www.individual-diving.de\/index.php\/wp-json\/wp\/v2\/pages"}],"about":[{"href":"https:\/\/www.individual-diving.de\/index.php\/wp-json\/wp\/v2\/types\/page"}],"author":[{"embeddable":true,"href":"https:\/\/www.individual-diving.de\/index.php\/wp-json\/wp\/v2\/users\/1"}],"replies":[{"embeddable":true,"href":"https:\/\/www.individual-diving.de\/index.php\/wp-json\/wp\/v2\/comments?post=235"}],"version-history":[{"count":4,"href":"https:\/\/www.individual-diving.de\/index.php\/wp-json\/wp\/v2\/pages\/235\/revisions"}],"predecessor-version":[{"id":249,"href":"https:\/\/www.individual-diving.de\/index.php\/wp-json\/wp\/v2\/pages\/235\/revisions\/249"}],"wp:attachment":[{"href":"https:\/\/www.individual-diving.de\/index.php\/wp-json\/wp\/v2\/media?parent=235"}],"curies":[{"name":"wp","href":"https:\/\/api.w.org\/{rel}","templated":true}]}}