{"id":226,"date":"2024-07-25T16:55:50","date_gmt":"2024-07-25T14:55:50","guid":{"rendered":"http:\/\/www.individual-diving.de\/?page_id=226"},"modified":"2024-07-25T16:55:50","modified_gmt":"2024-07-25T14:55:50","slug":"try-twin-tanks","status":"publish","type":"page","link":"https:\/\/www.individual-diving.de\/index.php\/try-twin-tanks\/","title":{"rendered":"Try-Twin-Tanks"},"content":{"rendered":"\n<p>Wem die Flaschen beim normalen Sporttauchen zu klein geworden sind, l\u00e4ngere Tauchg\u00e4nge m\u00f6chte oder ganz einfach viel Luft verbraucht, f\u00fcr den k\u00f6nnte ein <a href=\"http:\/\/www.individual-diving.de\/index.php\/doppelgeraete\/\" data-type=\"page\" data-id=\"220\">Doppelger\u00e4t<\/a> die L\u00f6sung darstellen.<\/p>\n\n\n\n<figure class=\"wp-block-image size-large\"><img loading=\"lazy\" decoding=\"async\" width=\"1714\" height=\"1143\" src=\"http:\/\/www.individual-diving.de\/wp-content\/uploads\/2024\/07\/image-1-edited.jpeg\" alt=\"\" class=\"wp-image-228\" srcset=\"https:\/\/www.individual-diving.de\/wp-content\/uploads\/2024\/07\/image-1-edited.jpeg 1714w, https:\/\/www.individual-diving.de\/wp-content\/uploads\/2024\/07\/image-1-edited-300x200.jpeg 300w, https:\/\/www.individual-diving.de\/wp-content\/uploads\/2024\/07\/image-1-edited-1024x683.jpeg 1024w, https:\/\/www.individual-diving.de\/wp-content\/uploads\/2024\/07\/image-1-edited-768x512.jpeg 768w, https:\/\/www.individual-diving.de\/wp-content\/uploads\/2024\/07\/image-1-edited-1536x1024.jpeg 1536w, https:\/\/www.individual-diving.de\/wp-content\/uploads\/2024\/07\/image-1-edited-840x560.jpeg 840w, https:\/\/www.individual-diving.de\/wp-content\/uploads\/2024\/07\/image-1-edited-120x80.jpeg 120w, https:\/\/www.individual-diving.de\/wp-content\/uploads\/2024\/07\/image-1-edited-360x240.jpeg 360w, https:\/\/www.individual-diving.de\/wp-content\/uploads\/2024\/07\/image-1-edited-600x400.jpeg 600w\" sizes=\"(max-width: 1714px) 100vw, 1714px\" \/><\/figure>\n\n\n\n<p>Ausprobiert werden k\u00f6nnen Doppelger\u00e4te mit 2x7l, 2&#215;8,5l und 2x12l. Voraussetzung ist ein Open-Water-Diver-Brevet.<\/p>\n\n\n\n<p>Interesse? Einfach <a href=\"http:\/\/www.individual-diving.de\/index.php\/kontakt\/\" data-type=\"page\" data-id=\"147\">kontaktieren<\/a> und wir finden einen Termin.<\/p>\n","protected":false},"excerpt":{"rendered":"<p>Wem die Flaschen beim normalen Sporttauchen zu klein geworden sind, l\u00e4ngere Tauchg\u00e4nge m\u00f6chte oder ganz einfach viel Luft verbraucht, f\u00fcr[&#8230;]<\/p>\n","protected":false},"author":1,"featured_media":0,"parent":0,"menu_order":0,"comment_status":"closed","ping_status":"closed","template":"","meta":{"footnotes":""},"_links":{"self":[{"href":"https:\/\/www.individual-diving.de\/index.php\/wp-json\/wp\/v2\/pages\/226"}],"collection":[{"href":"https:\/\/www.individual-diving.de\/index.php\/wp-json\/wp\/v2\/pages"}],"about":[{"href":"https:\/\/www.individual-diving.de\/index.php\/wp-json\/wp\/v2\/types\/page"}],"author":[{"embeddable":true,"href":"https:\/\/www.individual-diving.de\/index.php\/wp-json\/wp\/v2\/users\/1"}],"replies":[{"embeddable":true,"href":"https:\/\/www.individual-diving.de\/index.php\/wp-json\/wp\/v2\/comments?post=226"}],"version-history":[{"count":1,"href":"https:\/\/www.individual-diving.de\/index.php\/wp-json\/wp\/v2\/pages\/226\/revisions"}],"predecessor-version":[{"id":229,"href":"https:\/\/www.individual-diving.de\/index.php\/wp-json\/wp\/v2\/pages\/226\/revisions\/229"}],"wp:attachment":[{"href":"https:\/\/www.individual-diving.de\/index.php\/wp-json\/wp\/v2\/media?parent=226"}],"curies":[{"name":"wp","href":"https:\/\/api.w.org\/{rel}","templated":true}]}}