{"id":210,"date":"2024-06-19T00:16:36","date_gmt":"2024-06-18T22:16:36","guid":{"rendered":"http:\/\/www.individual-diving.de\/?page_id=210"},"modified":"2024-06-19T00:16:36","modified_gmt":"2024-06-18T22:16:36","slug":"tauchen-ausprobieren","status":"publish","type":"page","link":"https:\/\/www.individual-diving.de\/index.php\/tauchen-ausprobieren\/","title":{"rendered":"Tauchen ausprobieren?"},"content":{"rendered":"\n<p>Wer sich nicht sicher ist, ob er in ein neues Hobby viel Geld investieren m\u00f6chte, hat nat\u00fcrlich die M\u00f6glichkeit erstmal auszuprobieren.<\/p>\n\n\n\n<p>Wer noch nie getaucht ist, hat zwei M\u00f6glichkeiten<\/p>\n\n\n\n<ol>\n<li><a href=\"http:\/\/www.individual-diving.de\/index.php\/kurse\/schnuppertauchen\/\" data-type=\"page\" data-id=\"57\">Schnuppertauchen<\/a>: Einmaliger Tauchgang mit einer Maximaltiefe von 5m<\/li>\n\n\n\n<li><a href=\"http:\/\/www.individual-diving.de\/index.php\/basic-diver\/\" data-type=\"page\" data-id=\"202\">Basic-Diver-Kurs<\/a>: etwas Theorie, Einmaliger Tauchgang mit einer Maximaltiefe von 12m und der Option zur Teilnahme an weiteren Tauchg\u00e4nge innerhalb von 6 Monaten.<\/li>\n<\/ol>\n\n\n\n<p>Taucher, denen das Wasser in Deutschland zu kalt ist, aber unsicher sind, ob sie Geld in einen Trockentauchanzug investieren wollen, k\u00f6nnen auch ein <a href=\"http:\/\/www.individual-diving.de\/index.php\/kurse\/schnuppertauchen\/schnuppertauchen-dry\/\" data-type=\"page\" data-id=\"59\">Trockentauch-Schnuppertauchen<\/a> ausprobieren.<\/p>\n","protected":false},"excerpt":{"rendered":"<p>Wer sich nicht sicher ist, ob er in ein neues Hobby viel Geld investieren m\u00f6chte, hat nat\u00fcrlich die M\u00f6glichkeit erstmal[&#8230;]<\/p>\n","protected":false},"author":1,"featured_media":0,"parent":0,"menu_order":0,"comment_status":"closed","ping_status":"closed","template":"","meta":{"footnotes":""},"_links":{"self":[{"href":"https:\/\/www.individual-diving.de\/index.php\/wp-json\/wp\/v2\/pages\/210"}],"collection":[{"href":"https:\/\/www.individual-diving.de\/index.php\/wp-json\/wp\/v2\/pages"}],"about":[{"href":"https:\/\/www.individual-diving.de\/index.php\/wp-json\/wp\/v2\/types\/page"}],"author":[{"embeddable":true,"href":"https:\/\/www.individual-diving.de\/index.php\/wp-json\/wp\/v2\/users\/1"}],"replies":[{"embeddable":true,"href":"https:\/\/www.individual-diving.de\/index.php\/wp-json\/wp\/v2\/comments?post=210"}],"version-history":[{"count":1,"href":"https:\/\/www.individual-diving.de\/index.php\/wp-json\/wp\/v2\/pages\/210\/revisions"}],"predecessor-version":[{"id":211,"href":"https:\/\/www.individual-diving.de\/index.php\/wp-json\/wp\/v2\/pages\/210\/revisions\/211"}],"wp:attachment":[{"href":"https:\/\/www.individual-diving.de\/index.php\/wp-json\/wp\/v2\/media?parent=210"}],"curies":[{"name":"wp","href":"https:\/\/api.w.org\/{rel}","templated":true}]}}