{"id":205,"date":"2024-06-19T00:09:28","date_gmt":"2024-06-18T22:09:28","guid":{"rendered":"http:\/\/www.individual-diving.de\/?page_id=205"},"modified":"2024-06-19T00:09:28","modified_gmt":"2024-06-18T22:09:28","slug":"scuba-diver","status":"publish","type":"page","link":"https:\/\/www.individual-diving.de\/index.php\/scuba-diver\/","title":{"rendered":"Scuba-Diver"},"content":{"rendered":"\n<p>Die Ausbildung zum Scuba-Diver ist der kleine Tauchschein. Er beinhaltet mehr Theorie und Praxis als der <a href=\"http:\/\/www.individual-diving.de\/index.php\/basic-diver\/\" data-type=\"page\" data-id=\"202\">Basic-Diver<\/a>, der ein erweitertes <a href=\"http:\/\/www.individual-diving.de\/index.php\/kurse\/schnuppertauchen\/\" data-type=\"page\" data-id=\"57\">Schnuppertauchen<\/a> darstellt, daf\u00fcr bleibt er dauerhaft bestehen und kann jederzeit zum <a href=\"http:\/\/www.individual-diving.de\/index.php\/kurse\/open-water-diver\/\" data-type=\"page\" data-id=\"119\">Open-Water-Diver<\/a> aufgewertet werden.<\/p>\n\n\n\n<p>Er erm\u00f6glicht Tauchg\u00e4nge mit einem Dive-Professional bis zu einer Maximaltiefe von 12m. Er eignet sich damit f\u00fcr Taucher, die gar nicht tief gehen m\u00f6chten und im Urlaub vorrangig mit einem Guide unterwegs sind.<\/p>\n\n\n\n<p><\/p>\n\n\n\n<p><\/p>\n\n\n\n<p><\/p>\n","protected":false},"excerpt":{"rendered":"<p>Die Ausbildung zum Scuba-Diver ist der kleine Tauchschein. Er beinhaltet mehr Theorie und Praxis als der Basic-Diver, der ein erweitertes[&#8230;]<\/p>\n","protected":false},"author":1,"featured_media":0,"parent":0,"menu_order":0,"comment_status":"closed","ping_status":"closed","template":"","meta":{"footnotes":""},"_links":{"self":[{"href":"https:\/\/www.individual-diving.de\/index.php\/wp-json\/wp\/v2\/pages\/205"}],"collection":[{"href":"https:\/\/www.individual-diving.de\/index.php\/wp-json\/wp\/v2\/pages"}],"about":[{"href":"https:\/\/www.individual-diving.de\/index.php\/wp-json\/wp\/v2\/types\/page"}],"author":[{"embeddable":true,"href":"https:\/\/www.individual-diving.de\/index.php\/wp-json\/wp\/v2\/users\/1"}],"replies":[{"embeddable":true,"href":"https:\/\/www.individual-diving.de\/index.php\/wp-json\/wp\/v2\/comments?post=205"}],"version-history":[{"count":1,"href":"https:\/\/www.individual-diving.de\/index.php\/wp-json\/wp\/v2\/pages\/205\/revisions"}],"predecessor-version":[{"id":208,"href":"https:\/\/www.individual-diving.de\/index.php\/wp-json\/wp\/v2\/pages\/205\/revisions\/208"}],"wp:attachment":[{"href":"https:\/\/www.individual-diving.de\/index.php\/wp-json\/wp\/v2\/media?parent=205"}],"curies":[{"name":"wp","href":"https:\/\/api.w.org\/{rel}","templated":true}]}}