{"id":202,"date":"2024-06-18T23:50:10","date_gmt":"2024-06-18T21:50:10","guid":{"rendered":"http:\/\/www.individual-diving.de\/?page_id=202"},"modified":"2024-06-19T00:05:42","modified_gmt":"2024-06-18T22:05:42","slug":"basic-diver","status":"publish","type":"page","link":"https:\/\/www.individual-diving.de\/index.php\/basic-diver\/","title":{"rendered":"Basic-Diver"},"content":{"rendered":"\n<p>Das Basic-Diver-Programm ist ein <a href=\"http:\/\/www.individual-diving.de\/index.php\/kurse\/schnuppertauchen\/\" data-type=\"page\" data-id=\"57\">Schnuppertauchen<\/a> mit Option auf mehr. Es muss sehr wenig Theorie bearbeitet werden, ein wirklich sehr einfacher Test <em>&#8222;ge-multiple-choiced&#8220;<\/em> werden. Mit den zus\u00e4tzlichen Kenntnissen \u00fcber Druck und die Einwirkung auf den eigenen K\u00f6rper, d\u00fcrfen Tauchg\u00e4nge bis 12m (statt 5m wie beim Schnuppertauchen) durchgef\u00fchrt werden. Desweiteren erlaubt das Basic-Diver-Programm nach dem Ausbildungstauchgang weitere Tauchg\u00e4nge mit einer Maximaltiefe von 12m. Doch der Basic-Diver ist kein Tauchschein. Es muss immer ein Dive-Professional dabei sein.<\/p>\n\n\n\n<p>Der Basic-Diver kann somit genutzt werden, um statt einem einfachen Schnuppertauchen, mehrere Tauchg\u00e4nge auszuprobieren. Bis zu einem halben Jahr k\u00f6nnen so einfache Tauchg\u00e4nge begleitet werden und Taucherfahrung gesammelt werden, die den Weg zum <a href=\"http:\/\/www.individual-diving.de\/index.php\/kurse\/open-water-diver\/\" data-type=\"page\" data-id=\"119\">Open-Water-Diver<\/a> ebnen oder &#8211; sollte man am Tauchen keine Freude finden &#8211; zumindest g\u00fcnstiger sind, als die Tauchlizenz zu erlangen und dann nicht mehr tauchen zu gehen. Nach einem halben Jahr verf\u00e4llt der Basic-Diver.<\/p>\n\n\n\n<p><strong>Basic-Diver im Indoor-Tauchcenter<\/strong><\/p>\n\n\n\n<p>Den Basic-Diver k\u00f6nnen wir im Dive4Life in Siegburg oder im MonteMare in Rheinbach machen. Hier haben wir in der Regel 3,5 Stunden Zeit und schaffen in der Regel einen Tauchgang zum Eingew\u00f6hnen und einen zweiten, wo ihr euch schon relativ frei bewegen k\u00f6nnt. Ihr lernt zus\u00e4tzlich, die Ausr\u00fcstung selbst zusammen zu bauen und worauf zu achten ist. Wenn ein Wiederholungstauchgang geplant ist oder es drau\u00dfen noch zu kalt ist, um sich im See auszuprobieren, so ist dies eine gute gute Wahl.<\/p>\n\n\n\n<p><strong>Basic-Diver im See<\/strong><\/p>\n\n\n\n<p>W\u00e4hrend des Sommers und Herbstes besteht die M\u00f6glichkeit den Basic-Diver je nach Wetterlage direkt an den See zu verlagern, also in einem richtigen Gew\u00e4sser tauchen zu gehen, die Landschaft unter Wasser zu genie\u00dfen und mit etwas Gl\u00fcck auch Fische zu beobachten.<\/p>\n\n\n\n<p><strong>Wann ist eine Gute Zeit f\u00fcr den Basic-Diver-Kurs?<\/strong><\/p>\n\n\n\n<p>Wenn man im Monte Mare statt 5m auch den Boden des Beckens (10m) erreichen m\u00f6chte, geht der Basic-Diver immer. Im Dive4Life kommen wir damit nicht an die tiefste Stelle (20m). Sollte man weitere Tauchg\u00e4nge \u00fcberlegen, so w\u00e4re der Fr\u00fchsommer sinnvoll: Die Gew\u00e4sser werden warm und der Basic-Diver verf\u00e4llt erst, wenn die Gew\u00e4sser im Winter wieder abk\u00fchlen. Das gibt eher Gelegenheit nochmal einen Tauchgang mitzuerleben.<\/p>\n\n\n\n<p><strong>Oder doch ein Scuba-Diver-Kurs?<\/strong><\/p>\n\n\n\n<p>Der <a href=\"http:\/\/www.individual-diving.de\/?page_id=205\" data-type=\"page\" data-id=\"205\">Scuba-Diver<\/a> ist der kleine Bruder vom <a href=\"http:\/\/www.individual-diving.de\/index.php\/kurse\/open-water-diver\/\" data-type=\"page\" data-id=\"119\">Open-Water-Diver<\/a>. Er bedeutet etwas mehr Aufwand als der Basic-Diver, erlaubt ebenso Tauchg\u00e4nge mit einem Dive-Professional auf 12m, doch der Scuba-Diver verf\u00e4llt nicht und kann sp\u00e4ter auf den Open-Water-Diver aufgewertet werden.<\/p>\n\n\n\n<p><\/p>\n","protected":false},"excerpt":{"rendered":"<p>Das Basic-Diver-Programm ist ein Schnuppertauchen mit Option auf mehr. Es muss sehr wenig Theorie bearbeitet werden, ein wirklich sehr einfacher[&#8230;]<\/p>\n","protected":false},"author":1,"featured_media":0,"parent":0,"menu_order":0,"comment_status":"closed","ping_status":"closed","template":"","meta":{"footnotes":""},"_links":{"self":[{"href":"https:\/\/www.individual-diving.de\/index.php\/wp-json\/wp\/v2\/pages\/202"}],"collection":[{"href":"https:\/\/www.individual-diving.de\/index.php\/wp-json\/wp\/v2\/pages"}],"about":[{"href":"https:\/\/www.individual-diving.de\/index.php\/wp-json\/wp\/v2\/types\/page"}],"author":[{"embeddable":true,"href":"https:\/\/www.individual-diving.de\/index.php\/wp-json\/wp\/v2\/users\/1"}],"replies":[{"embeddable":true,"href":"https:\/\/www.individual-diving.de\/index.php\/wp-json\/wp\/v2\/comments?post=202"}],"version-history":[{"count":3,"href":"https:\/\/www.individual-diving.de\/index.php\/wp-json\/wp\/v2\/pages\/202\/revisions"}],"predecessor-version":[{"id":207,"href":"https:\/\/www.individual-diving.de\/index.php\/wp-json\/wp\/v2\/pages\/202\/revisions\/207"}],"wp:attachment":[{"href":"https:\/\/www.individual-diving.de\/index.php\/wp-json\/wp\/v2\/media?parent=202"}],"curies":[{"name":"wp","href":"https:\/\/api.w.org\/{rel}","templated":true}]}}