{"id":191,"date":"2024-06-15T01:31:29","date_gmt":"2024-06-14T23:31:29","guid":{"rendered":"http:\/\/www.individual-diving.de\/?page_id=191"},"modified":"2024-06-15T01:31:29","modified_gmt":"2024-06-14T23:31:29","slug":"ssi","status":"publish","type":"page","link":"https:\/\/www.individual-diving.de\/index.php\/ssi\/","title":{"rendered":"SSI"},"content":{"rendered":"\n<p>hei\u00dft der Tauchverband, entsprechend dem s\u00e4mtliche Kurse hier durchgef\u00fchrt werden.<\/p>\n\n\n\n<p>SSI hei\u00dft Scuba Schools International und ist einer der gr\u00f6\u00dften Tauchausbildungsverb\u00e4nde der Welt. Eine Tauchlizenz, ein sogenanntes &#8222;Brevet&#8220; ist damit international anerkannt.<\/p>\n\n\n\n<p>SSI legt in den Verbandsstandards fest, wie eine Ausbildung zu erfolgen hat und was in dieser Ausbildung zu erfolgen hat und legt damit die Mindeststandards einer Ausbildung fest. Die Standards sind nach der kostenlosen Anmeldung bei SSI im Download-Bereich als PDF einsehbar. Sie geben an, wieviele Sch\u00fcler ein Tauchlehrer maximal betreuen darf und wieviele Tauchg\u00e4nge in einem Kurs mindestens zu erfolgen hat, ob und wie Specialties kombiniert werden d\u00fcrfen oder eben auch nicht. Dabei gilt als Tauchgang nur, wenn der Sch\u00fcler sich mindestens 15 Minuten unter Wasser befunden hat.<\/p>\n\n\n\n<p>Ich versuche das auf in den Beschreibungen der Kurse soweit bereits transparent zu machen.<\/p>\n\n\n\n<p>Bei Fragen zur Durchf\u00fchrung der Kurse nutzen Sie gerne das <a href=\"http:\/\/www.individual-diving.de\/index.php\/kontakt\/\" data-type=\"page\" data-id=\"147\">Kontakt-Formular<\/a>.<\/p>\n","protected":false},"excerpt":{"rendered":"<p>hei\u00dft der Tauchverband, entsprechend dem s\u00e4mtliche Kurse hier durchgef\u00fchrt werden. SSI hei\u00dft Scuba Schools International und ist einer der gr\u00f6\u00dften[&#8230;]<\/p>\n","protected":false},"author":1,"featured_media":0,"parent":0,"menu_order":0,"comment_status":"closed","ping_status":"closed","template":"","meta":{"footnotes":""},"_links":{"self":[{"href":"https:\/\/www.individual-diving.de\/index.php\/wp-json\/wp\/v2\/pages\/191"}],"collection":[{"href":"https:\/\/www.individual-diving.de\/index.php\/wp-json\/wp\/v2\/pages"}],"about":[{"href":"https:\/\/www.individual-diving.de\/index.php\/wp-json\/wp\/v2\/types\/page"}],"author":[{"embeddable":true,"href":"https:\/\/www.individual-diving.de\/index.php\/wp-json\/wp\/v2\/users\/1"}],"replies":[{"embeddable":true,"href":"https:\/\/www.individual-diving.de\/index.php\/wp-json\/wp\/v2\/comments?post=191"}],"version-history":[{"count":1,"href":"https:\/\/www.individual-diving.de\/index.php\/wp-json\/wp\/v2\/pages\/191\/revisions"}],"predecessor-version":[{"id":192,"href":"https:\/\/www.individual-diving.de\/index.php\/wp-json\/wp\/v2\/pages\/191\/revisions\/192"}],"wp:attachment":[{"href":"https:\/\/www.individual-diving.de\/index.php\/wp-json\/wp\/v2\/media?parent=191"}],"curies":[{"name":"wp","href":"https:\/\/api.w.org\/{rel}","templated":true}]}}