{"id":180,"date":"2024-06-15T00:50:30","date_gmt":"2024-06-14T22:50:30","guid":{"rendered":"http:\/\/www.individual-diving.de\/?page_id=180"},"modified":"2024-06-15T01:02:00","modified_gmt":"2024-06-14T23:02:00","slug":"specialty-night-limited-visibility","status":"publish","type":"page","link":"https:\/\/www.individual-diving.de\/index.php\/kurse\/specialtys\/specialty-night-limited-visibility\/","title":{"rendered":"Specialty &#8222;Night &amp; Limited Visibility&#8220;"},"content":{"rendered":"\n<p>Nachttauchg\u00e4nge haben einen besonderen Reiz. Und eingeschr\u00e4nkte Sichtverh\u00e4ltnisse sind in Deutschland auch nicht ungew\u00f6hnlich. Welche Konsequenzen das hat, wie man auf schlechte Sichtverh\u00e4ltnisse reagiert, wie man eine Lampe richtig benutzt &#8211; und wie nicht &#8211; schauen wir uns in diesem Specialty an.<\/p>\n\n\n\n<p>Und dann gehen wir tauchen. In totaler Dunkelheit. Und bei schlechten Sichtverh\u00e4ltnissen. Oder beidem.<\/p>\n\n\n\n<p><strong>Voraussetzungen<\/strong><\/p>\n\n\n\n<p>Mindestalter: 10 Jahre<br>Ausbildungsstand: Open-Water-Diver<\/p>\n\n\n\n<p><strong>Ablauf<\/strong><\/p>\n\n\n\n<p>Online-Theorie \u00fcber divessi.com, anschlie\u00dfend Online Theorie\u00fcberpr\u00fcfung in lockerer Diskussionsform, abschlie\u00dfend ein Multiple-Choice-Test<\/p>\n\n\n\n<p>2 Tauchg\u00e4nge im Freiwasser<\/p>\n","protected":false},"excerpt":{"rendered":"<p>Nachttauchg\u00e4nge haben einen besonderen Reiz. Und eingeschr\u00e4nkte Sichtverh\u00e4ltnisse sind in Deutschland auch nicht ungew\u00f6hnlich. Welche Konsequenzen das hat, wie man[&#8230;]<\/p>\n","protected":false},"author":1,"featured_media":0,"parent":34,"menu_order":0,"comment_status":"closed","ping_status":"closed","template":"","meta":{"footnotes":""},"_links":{"self":[{"href":"https:\/\/www.individual-diving.de\/index.php\/wp-json\/wp\/v2\/pages\/180"}],"collection":[{"href":"https:\/\/www.individual-diving.de\/index.php\/wp-json\/wp\/v2\/pages"}],"about":[{"href":"https:\/\/www.individual-diving.de\/index.php\/wp-json\/wp\/v2\/types\/page"}],"author":[{"embeddable":true,"href":"https:\/\/www.individual-diving.de\/index.php\/wp-json\/wp\/v2\/users\/1"}],"replies":[{"embeddable":true,"href":"https:\/\/www.individual-diving.de\/index.php\/wp-json\/wp\/v2\/comments?post=180"}],"version-history":[{"count":1,"href":"https:\/\/www.individual-diving.de\/index.php\/wp-json\/wp\/v2\/pages\/180\/revisions"}],"predecessor-version":[{"id":181,"href":"https:\/\/www.individual-diving.de\/index.php\/wp-json\/wp\/v2\/pages\/180\/revisions\/181"}],"up":[{"embeddable":true,"href":"https:\/\/www.individual-diving.de\/index.php\/wp-json\/wp\/v2\/pages\/34"}],"wp:attachment":[{"href":"https:\/\/www.individual-diving.de\/index.php\/wp-json\/wp\/v2\/media?parent=180"}],"curies":[{"name":"wp","href":"https:\/\/api.w.org\/{rel}","templated":true}]}}