{"id":154,"date":"2024-06-12T21:22:52","date_gmt":"2024-06-12T19:22:52","guid":{"rendered":"http:\/\/dive.cologne\/wp\/wordpress\/?page_id=154"},"modified":"2026-03-18T09:33:14","modified_gmt":"2026-03-18T08:33:14","slug":"preise","status":"publish","type":"page","link":"https:\/\/www.individual-diving.de\/index.php\/preise\/","title":{"rendered":"Preise"},"content":{"rendered":"\n<figure class=\"wp-block-table is-style-stripes\"><table><thead><tr><th><\/th><th>1 Person<\/th><th>2 Personen<\/th><\/tr><\/thead><tbody><tr><td><a href=\"https:\/\/www.individual-diving.de\/index.php\/kurse\/open-water-diver\/\" data-type=\"page\" data-id=\"119\">SSI Open-Water-Diver<\/a><\/td><td>649 \u20ac<\/td><td>579 \u20ac p.P.<\/td><\/tr><tr><td><a href=\"https:\/\/www.individual-diving.de\/index.php\/kurse\/junior-open-water-kurs\/\" data-type=\"page\" data-id=\"122\">SSI Junior-Open-Water-Diver<\/a> (ab 10 Jahren)<\/td><td>649 \u20ac<\/td><td>579 \u20ac p.P.<\/td><\/tr><tr><td><\/td><td><\/td><td><\/td><\/tr><tr><td><a href=\"https:\/\/www.individual-diving.de\/index.php\/kurse\/schnuppertauchen\/\" data-type=\"page\" data-id=\"57\">Schnuppertauchen Indoor, 4 Stunden<\/a> Indoor\/See<\/td><td>149\/99 \u20ac<\/td><td>129\/79 \u20ac p.P.<\/td><\/tr><tr><td>Basic-Diver Indoor\/See<\/td><td>179\/129\u20ac<\/td><td>149\/99\u20ac p.P.<\/td><\/tr><tr><td><a href=\"https:\/\/www.individual-diving.de\/index.php\/kurse\/schnuppertauchen\/schnuppertauchen-dry\/\" data-type=\"page\" data-id=\"59\">Schnuppertauchen See Trockentauchanzug<\/a><\/td><td>149 \u20ac<\/td><td>&#8211;<\/td><\/tr><tr><td><\/td><td><\/td><td><\/td><\/tr><tr><td><a href=\"https:\/\/www.individual-diving.de\/index.php\/kurse\/specialtys\/specialty-nitrox\/\" data-type=\"page\" data-id=\"45\">Specialty Nitrox 40%<\/a><\/td><td>149 \u20ac<\/td><td>129 \u20ac p.P.<\/td><\/tr><tr><td><a href=\"http:\/\/dive.cologne\/wp\/wordpress\/index.php\/kurse\/specialtys\/specialty-deep-diving\/\" data-type=\"page\" data-id=\"39\">Specialty Deep-Diving<\/a> <\/td><td>249 \u20ac<\/td><td>229 \u20ac p.P.<\/td><\/tr><tr><td><a href=\"https:\/\/www.individual-diving.de\/index.php\/kurse\/specialtys\/specialty-navigation\/\" data-type=\"page\" data-id=\"66\">Specialty Navigation<\/a><\/td><td>249 \u20ac<\/td><td>199 \u20ac p.P.<\/td><\/tr><tr><td><a href=\"https:\/\/www.individual-diving.de\/index.php\/kurse\/schnuppertauchen\/schnuppertauchen-dry\/\" data-type=\"page\" data-id=\"59\">Specialty Dry-Suit<\/a> Indoor\/See<\/td><td>249\/199 \u20ac<\/td><td>229\/189 \u20ac p.P.<\/td><\/tr><tr><td>Specialty Decompression-Diving<\/td><td>399 \u20ac<\/td><td>339 \u20ac p.P.<\/td><\/tr><tr><td><a href=\"https:\/\/www.individual-diving.de\/index.php\/kurse\/specialtys\/specialty-perfect-buoyancy\/\" data-type=\"page\" data-id=\"43\">Specialty Perfect-Buoyancy<\/a> Indoor\/See<\/td><td>199\/149 \u20ac<\/td><td>169\/129 \u20ac p.P.<\/td><\/tr><tr><td><a href=\"https:\/\/www.individual-diving.de\/index.php\/kurse\/specialtys\/specialty-night-limited-visibility\/\" data-type=\"page\" data-id=\"180\">Specialty Night &amp; Limited Visibility<\/a><\/td><td>149 \u20ac<\/td><td>129 \u20ac p.P.<\/td><\/tr><tr><td><\/td><td><\/td><td><\/td><\/tr><tr><td><a href=\"https:\/\/www.individual-diving.de\/index.php\/kurse\/scuba-skills-update\/\" data-type=\"page\" data-id=\"195\">Scuba-Skills-Update<\/a> Indoor\/See<\/td><td>ab 199\/149 \u20ac<\/td><td>ab 179\/129 \u20ac p.P.<\/td><\/tr><\/tbody><\/table><\/figure>\n\n\n\n<p>Andere Kurse auf Anfrage.<\/p>\n\n\n\n<p>Manche Kurse k\u00f6nnen entweder in einem Indoor-Becken durchgef\u00fchrt werden oder nach Absprache ausschlie\u00dflich im See, womit sich Eintrittspreise reduzieren. Was davon sinnvoll ist, besprechen wir im individuell. Ob ein Kurs vollst\u00e4ndig im See stattfinden kann, h\u00e4ngt auch von den Sicht- und Temperaturverh\u00e4ltnissen im See ab.<\/p>\n\n\n\n<p>Leihequipment wird beim Open-Water-Kurs vollst\u00e4ndig gestellt, auch Flossen, Maske, Schnorchel. Eigene Ausr\u00fcstung kann nat\u00fcrlich verwendet werden.<\/p>\n\n\n\n<p>Bei Specialties und Scuba-Skills-Updates wird eigene Ausr\u00fcstung erwartet, fehlendes Equipment kann geliehen werden.<\/p>\n\n\n\n<p><\/p>\n","protected":false},"excerpt":{"rendered":"<p>1 Person 2 Personen SSI Open-Water-Diver 649 \u20ac 579 \u20ac p.P. SSI Junior-Open-Water-Diver (ab 10 Jahren) 649 \u20ac 579 \u20ac[&#8230;]<\/p>\n","protected":false},"author":1,"featured_media":0,"parent":0,"menu_order":0,"comment_status":"closed","ping_status":"closed","template":"","meta":{"footnotes":""},"_links":{"self":[{"href":"https:\/\/www.individual-diving.de\/index.php\/wp-json\/wp\/v2\/pages\/154"}],"collection":[{"href":"https:\/\/www.individual-diving.de\/index.php\/wp-json\/wp\/v2\/pages"}],"about":[{"href":"https:\/\/www.individual-diving.de\/index.php\/wp-json\/wp\/v2\/types\/page"}],"author":[{"embeddable":true,"href":"https:\/\/www.individual-diving.de\/index.php\/wp-json\/wp\/v2\/users\/1"}],"replies":[{"embeddable":true,"href":"https:\/\/www.individual-diving.de\/index.php\/wp-json\/wp\/v2\/comments?post=154"}],"version-history":[{"count":7,"href":"https:\/\/www.individual-diving.de\/index.php\/wp-json\/wp\/v2\/pages\/154\/revisions"}],"predecessor-version":[{"id":252,"href":"https:\/\/www.individual-diving.de\/index.php\/wp-json\/wp\/v2\/pages\/154\/revisions\/252"}],"wp:attachment":[{"href":"https:\/\/www.individual-diving.de\/index.php\/wp-json\/wp\/v2\/media?parent=154"}],"curies":[{"name":"wp","href":"https:\/\/api.w.org\/{rel}","templated":true}]}}