{"id":152,"date":"2024-06-12T14:35:36","date_gmt":"2024-06-12T12:35:36","guid":{"rendered":"http:\/\/dive.cologne\/wp\/wordpress\/?page_id=152"},"modified":"2024-06-12T14:35:36","modified_gmt":"2024-06-12T12:35:36","slug":"mehr","status":"publish","type":"page","link":"https:\/\/www.individual-diving.de\/index.php\/mehr\/","title":{"rendered":"Mehr&#8230;"},"content":{"rendered":"\n<p><strong>Fun-Dives und Kurse<\/strong><\/p>\n\n\n\n<p>Wir haben eine WhatsApp-Gruppe, auch f\u00fcr frische Taucher, wo wir gemeinsame Tauchg\u00e4nge planen k\u00f6nnen. Leihausr\u00fcstung ist bei Bedarf vorhanden. F\u00fcr Kursanfragen oder Teilnahme an der WhatsApp-Gruppe, schreib uns gerne mit dem <a href=\"http:\/\/dive.cologne\/wp\/wordpress\/index.php\/kontakt\/\" data-type=\"page\" data-id=\"147\">Kontaktformular<\/a> an. Die Teilnahme steht nat\u00fcrlich auch Tauchern frei, die woanders ihren Tauchschein erworben haben.<\/p>\n\n\n\n<p>Ich bin regelm\u00e4\u00dfig zum Spa\u00df im K\u00f6lner Umfeld im Wasser. <\/p>\n\n\n\n<p><strong>Wo wird getaucht?<\/strong><\/p>\n\n\n\n<p>\u00dcbliche Tauchziele sind der <a href=\"https:\/\/www.gtbmtauchen.de\/\">Goldbergersee<\/a> in Dormagen, der <a href=\"https:\/\/www.stadt-koeln.de\/artikel\/64144\/index.html\">F\u00fchlinger See<\/a> im K\u00f6lner Norden und der <a href=\"http:\/\/www.blausteinsee.com\/tauchen\/\">Blausteinsee<\/a> in Eschweiler bei Aachen. Gerne bin ich auch in <a href=\"https:\/\/duiklocatieboschmolenplas.nl\/\">Panheel<\/a> an der Niederl\u00e4ndischen Grenze (ca. 90 Minuten Fahrt), <a href=\"https:\/\/www.naturagart.de\/Tauchpark\/Tauchen\/\">Naturagart<\/a>, Ibbenb\u00fchren oder der <a href=\"https:\/\/prodive.de\/der-tauchplatz\/\">M\u00f6hnetalsperre<\/a>.<\/p>\n\n\n\n<p><strong>Was kostet tauchen?<\/strong><\/p>\n\n\n\n<p>Das Tauchen beginnt im Regelfall mit einem <a href=\"http:\/\/dive.cologne\/wp\/wordpress\/index.php\/kurse\/schnuppertauchen\/\" data-type=\"page\" data-id=\"57\">Schnuppertauchen<\/a> oder dem <a href=\"http:\/\/dive.cologne\/wp\/wordpress\/index.php\/kurse\/open-water-diver\/\" data-type=\"page\" data-id=\"119\">Open-Water-Diver-Kurs<\/a>. Hier lernt man die Grundlagen. Darauf bauen bei Bedarf sogenannte <a href=\"http:\/\/dive.cologne\/wp\/wordpress\/index.php\/kurse\/specialtys\/\" data-type=\"page\" data-id=\"34\">Specialtys<\/a> auf, um zus\u00e4tzliche F\u00e4higkeiten zu erlangen, beispielsweise unter Wasser zu <a href=\"http:\/\/dive.cologne\/wp\/wordpress\/index.php\/kurse\/specialtys\/specialty-navigation\/\" data-type=\"page\" data-id=\"66\">navigieren<\/a> oder in spezielleren Situationen wie <a href=\"http:\/\/dive.cologne\/wp\/wordpress\/index.php\/kurse\/specialtys\/specialty-deep-diving\/\" data-type=\"page\" data-id=\"39\">gr\u00f6\u00dferer Tiefe<\/a> oder sich bei Dunkelheit und schlechter Sicht zurecht zu finden. Die Liste der <a href=\"http:\/\/dive.cologne\/wp\/wordpress\/?page_id=154\" data-type=\"page\" data-id=\"154\">Ausbildungspreise <\/a>geben Dir Informationen, was da auf Dich zukommt.<\/p>\n\n\n\n<p>Wenn Du keine Ausr\u00fcstung besitzt, gebe ich Dir hier einen \u00dcberblick \u00fcber <a href=\"http:\/\/dive.cologne\/wp\/wordpress\/?page_id=155\" data-type=\"page\" data-id=\"155\">Equipmentkosten<\/a> bei eigenem Equipment und deren Folgekosten. Ich selbst verkaufe kein Equipment. In den jeweiligen <a href=\"http:\/\/dive.cologne\/wp\/wordpress\/index.php\/kurse\/specialtys\/\" data-type=\"page\" data-id=\"34\">Kursen <\/a>erf\u00e4hrst Du mehr \u00fcber das dort ben\u00f6tigte Equipment. Equipment, dass Du nicht besitzt kannst Du als <a href=\"http:\/\/dive.cologne\/wp\/wordpress\/?page_id=156\" data-type=\"page\" data-id=\"156\">Leihequipment<\/a> nutzen. So ist es beispielsweise un\u00fcblich, dass Hobbytaucher eigene Pressluftflaschen besitzen und ich diese dann zum Tauchplatz mitbringe.<\/p>\n\n\n\n<p><\/p>\n","protected":false},"excerpt":{"rendered":"<p>Fun-Dives und Kurse Wir haben eine WhatsApp-Gruppe, auch f\u00fcr frische Taucher, wo wir gemeinsame Tauchg\u00e4nge planen k\u00f6nnen. Leihausr\u00fcstung ist bei[&#8230;]<\/p>\n","protected":false},"author":1,"featured_media":0,"parent":0,"menu_order":0,"comment_status":"closed","ping_status":"closed","template":"","meta":{"footnotes":""},"_links":{"self":[{"href":"https:\/\/www.individual-diving.de\/index.php\/wp-json\/wp\/v2\/pages\/152"}],"collection":[{"href":"https:\/\/www.individual-diving.de\/index.php\/wp-json\/wp\/v2\/pages"}],"about":[{"href":"https:\/\/www.individual-diving.de\/index.php\/wp-json\/wp\/v2\/types\/page"}],"author":[{"embeddable":true,"href":"https:\/\/www.individual-diving.de\/index.php\/wp-json\/wp\/v2\/users\/1"}],"replies":[{"embeddable":true,"href":"https:\/\/www.individual-diving.de\/index.php\/wp-json\/wp\/v2\/comments?post=152"}],"version-history":[{"count":1,"href":"https:\/\/www.individual-diving.de\/index.php\/wp-json\/wp\/v2\/pages\/152\/revisions"}],"predecessor-version":[{"id":157,"href":"https:\/\/www.individual-diving.de\/index.php\/wp-json\/wp\/v2\/pages\/152\/revisions\/157"}],"wp:attachment":[{"href":"https:\/\/www.individual-diving.de\/index.php\/wp-json\/wp\/v2\/media?parent=152"}],"curies":[{"name":"wp","href":"https:\/\/api.w.org\/{rel}","templated":true}]}}