{"id":122,"date":"2020-02-18T18:38:32","date_gmt":"2020-02-18T17:38:32","guid":{"rendered":"http:\/\/dive.cologne\/wp\/wordpress\/?page_id=122"},"modified":"2026-03-18T09:47:57","modified_gmt":"2026-03-18T08:47:57","slug":"junior-open-water-kurs","status":"publish","type":"page","link":"https:\/\/www.individual-diving.de\/index.php\/kurse\/junior-open-water-kurs\/","title":{"rendered":"Der Junior-Open-Water-Kurs"},"content":{"rendered":"\n<p>Kinder und Jugendliche k\u00f6nnen ab dem Alter von 10 Jahren den  Open-Water-Tauchschein machen. Dabei unterscheidet sich der Junior-Open-Water-Diver-Kurs inhaltlich nicht vom <a href=\"http:\/\/dive.cologne\/wp\/wordpress\/index.php\/kurse\/open-water-diver\/\">Erwachsenen-Kurs<\/a>. Die Kinder und  Jugendlichen m\u00fcssen die gleichen theoretischen Kenntnisse und  praktischen Fertigkeiten demonstrieren.<\/p>\n\n\n\n<p>Wenn Du Dich f\u00fcr das Tauchen interessierst, hier ist eine Dokumentation f\u00fcr Kinder zum Tauchen: <a rel=\"noreferrer noopener\" aria-label=\"https:\/\/www.youtube.com\/watch?v=bGSOfmyYDUs (\u00f6ffnet in neuem Tab)\" href=\"https:\/\/www.youtube.com\/watch?v=bGSOfmyYDUs\" target=\"_blank\">Checker Toby &#8211; Der Tauch-Check<\/a> auf Youtube, wo Du in etwa siehst, was auf Dich zukommt. Und vielleicht zeigst Du wie bei <a href=\"https:\/\/www.youtube.com\/watch?v=L2JwVvOU3zU\">Kann es Johannes<\/a> sp\u00e4ter Deinen Freunden, wie Tauchen funktioniert. Du musst gesund sein und brauchst nat\u00fcrlich die Erlaubnis Deiner Eltern.<\/p>\n\n\n\n<p>Das Tauchen ist den Kindern und jungen Jugendlichen ist jedoch nur in Begleitung eines professionellen Tauchers (z.B. eines Tauchlehrer) oder eines zertifizierten Erwachsenen erlaubt. Junior-OWD&#8217;ler d\u00fcrfen nicht alleine mit anderen Junior-OWD&#8217;lern oder zertifizierten Jugendlichen unter 18 Jahren tauchen. Kinder unter 12 Jahre d\u00fcrfen bis auf eine maximale Tiefe von 12 Metern tauchen.<\/p>\n\n\n\n<p>Die Erfahrung diverser Junior-OWD-Kurse oder aber auch OWD-Kurse mit jungen Jugendlichen zeigt, dass diese Kurse mehr Zeit ben\u00f6tigen, weil es h\u00e4ufig mehr Grundlagen zu erkl\u00e4ren gibt (Sommer und Winter sind keine Gezeiten und es ist auch nicht die Zeit in der die Dinosauerier lebten), die ein Erwachsener ganz selbstverst\u00e4ndlich kennt. Die erforderliche Mathematik f\u00fcr Partialdr\u00fccke ist bei einem Grundsch\u00fcler einfach noch nicht bekannt ist. Hier brauchen wir entsprechend be-&#8222;greifbare&#8220; Ans\u00e4tze, um beispielsweise Partialdruck zu vermitteln. Von Begriffen wie &#8222;relative Druck\u00e4nderung&#8220; muss auch ein 10j\u00e4hriger am Ende der theoretischen Ausbildung eine Vorstellung haben.<\/p>\n\n\n\n<p>Weiterhin muss auf Kinder nat\u00fcrlich auch ganz anders R\u00fccksicht genommen werden bez\u00fcglich ihrer Konzentrationsf\u00e4higkeiten und Kraft. W\u00e4hrend die Theorie in einem Erwachsenenkurs durchgepaukt werden kann, brauchen Kinder und Jugendliche hier eher mal eine Pause und Ablenkung, so dass sich die Theorie auch zwei, drei oder auch mehr Termine ausdehnen kann &#8211; bis die Kenntnisse verstanden und verinnerlicht sind. W\u00e4hrend der Praxistermine muss ein Kind nicht die vollst\u00e4ndige Ausr\u00fcstung zum See tragen k\u00f6nnen oder einen Tauchpartner beim Anziehen der Ausr\u00fcstung unterst\u00fctzen. Hier m\u00fcssen die Begleiter entsprechend ausgleichen k\u00f6nnen.<\/p>\n\n\n\n<p>Im Wasser verliert die Ausr\u00fcstung aber ihr Gewicht durch die Auftriebskraft und das Kind kann sich frei in allen drei Dimesionen bewegen.<\/p>\n\n\n\n<p>In Absprache mit dem Arzt, der die Tauchtauglichkeit ausstellt, wurden auch bereits mehrere Jugendliche mit ADHS erfolgreich brevetiert.<\/p>\n\n\n\n<p>Bei Kindern gilt es zu beachten, dass Sie aufgrund ihres geringeren K\u00f6rpervolumens deutlich schneller ausk\u00fchlen und frieren. Die Ausbildung im See im Nassanzug ist daher nur etwa zwischen Juni und November akzeptabel. Im <a href=\"http:\/\/dive.cologne\/wp\/wordpress\/index.php\/specialty-dry-suit\/\">Trockentauchanzug<\/a> kann das Zeit-Fenster in dem die Kinder und Jugendlichen tauchen k\u00f6nnen deutlich vergr\u00f6\u00dfert werden, ggfs. ist das Tauchen uneingeschr\u00e4nkt m\u00f6glich, sofern der See eisfrei ist.<\/p>\n\n\n\n<figure class=\"wp-block-image size-large\"><img loading=\"lazy\" decoding=\"async\" width=\"1024\" height=\"683\" src=\"http:\/\/dive.cologne\/wp\/wordpress\/wp-content\/uploads\/2020\/02\/DSC03115-1024x683.jpg\" alt=\"\" class=\"wp-image-97\" srcset=\"https:\/\/www.individual-diving.de\/wp-content\/uploads\/2020\/02\/DSC03115-1024x683.jpg 1024w, https:\/\/www.individual-diving.de\/wp-content\/uploads\/2020\/02\/DSC03115-300x200.jpg 300w, https:\/\/www.individual-diving.de\/wp-content\/uploads\/2020\/02\/DSC03115-768x512.jpg 768w, https:\/\/www.individual-diving.de\/wp-content\/uploads\/2020\/02\/DSC03115-1536x1024.jpg 1536w, https:\/\/www.individual-diving.de\/wp-content\/uploads\/2020\/02\/DSC03115-2048x1365.jpg 2048w, https:\/\/www.individual-diving.de\/wp-content\/uploads\/2020\/02\/DSC03115-840x560.jpg 840w, https:\/\/www.individual-diving.de\/wp-content\/uploads\/2020\/02\/DSC03115-120x80.jpg 120w, https:\/\/www.individual-diving.de\/wp-content\/uploads\/2020\/02\/DSC03115-360x240.jpg 360w, https:\/\/www.individual-diving.de\/wp-content\/uploads\/2020\/02\/DSC03115-600x400.jpg 600w, https:\/\/www.individual-diving.de\/wp-content\/uploads\/2020\/02\/DSC03115-400x267.jpg 400w, https:\/\/www.individual-diving.de\/wp-content\/uploads\/2020\/02\/DSC03115-900x600.jpg 900w, https:\/\/www.individual-diving.de\/wp-content\/uploads\/2020\/02\/DSC03115-450x300.jpg 450w, https:\/\/www.individual-diving.de\/wp-content\/uploads\/2020\/02\/DSC03115-1013x675.jpg 1013w, https:\/\/www.individual-diving.de\/wp-content\/uploads\/2020\/02\/DSC03115-1620x1080.jpg 1620w\" sizes=\"(max-width: 1024px) 100vw, 1024px\" \/><figcaption class=\"wp-element-caption\">11j\u00e4hriger Taucher im Trockentauchanzug<\/figcaption><\/figure>\n\n\n\n<p>Tauchausr\u00fcstung ist ab Gr\u00f6\u00dfe XXS bleiintegriert verf\u00fcgbar (etwa 12 Jahre), weiterhin sind bleiintegrierte Kinderjackets (etwa 10 Jahre) verf\u00fcgbar. Tauchanz\u00fcge sind trocken, wie auch nass f\u00fcr Kinder und Jugendliche ab einer Gr\u00f6\u00dfe von etwa 1,45m verf\u00fcgbar.<\/p>\n\n\n\n<p><strong>Voraussetzungen<\/strong><\/p>\n\n\n\n<p>Mindestalter: 10 Jahre<br>Ausbildungsstand: -\/-<\/p>\n\n\n\n<p><strong>Ablauf<\/strong><\/p>\n\n\n\n<p>Online-Theorie \u00fcber divessi.com, anschlie\u00dfend Online Theorie\u00fcberpr\u00fcfung in lockerer Diskussionsform, abschlie\u00dfend ein Multiple-Choice-Test<br>mindestens 3 Pool-Tauchg\u00e4nge, \u00fcblicherweise 4 an zwei Tagen<br>mindestens 4 Freiwassertauchg\u00e4nge, davon mindestens 2 im See.<\/p>\n\n\n\n<p>Theorie und Praxis entsprechen dem des normalen <a href=\"http:\/\/www.individual-diving.de\/index.php\/kurse\/open-water-diver\/\" data-type=\"page\" data-id=\"119\">Open-Water-Divers<\/a>. Kinder bis etwa 14 Jahre fallen m\u00f6glicherweise beim ersten Versuch durch die Theorie-Pr\u00fcfung. Kinder bis etwa 12 Jahren ben\u00f6tigen Hilfe, um die Theorie zu verstehen, da manche erforderliche Themen in der Schule noch nicht behandelt wurden. Hier ist die Theorie\u00fcberpr\u00fcfung hilfreich, wo Fragestellungen mit Hilfsmitteln &#8222;begreifbar&#8220; gemacht werden k\u00f6nnen.<\/p>\n\n\n\n<p>Kinderkurse sind entsprechend besonders individuell und zeitlich stark abh\u00e4ngig vom jeweiligen Kind, da der Junior-Open-Water-Diver inhaltlich nicht abgespeckt ist. Nichtsdestotrotz hat bisher jedes Kind und jeder Jugendliche sein Brevet erreicht.<\/p>\n\n\n\n<p><\/p>\n","protected":false},"excerpt":{"rendered":"<p>Kinder und Jugendliche k\u00f6nnen ab dem Alter von 10 Jahren den Open-Water-Tauchschein machen. Dabei unterscheidet sich der Junior-Open-Water-Diver-Kurs inhaltlich nicht[&#8230;]<\/p>\n","protected":false},"author":1,"featured_media":0,"parent":26,"menu_order":0,"comment_status":"closed","ping_status":"closed","template":"","meta":{"footnotes":""},"_links":{"self":[{"href":"https:\/\/www.individual-diving.de\/index.php\/wp-json\/wp\/v2\/pages\/122"}],"collection":[{"href":"https:\/\/www.individual-diving.de\/index.php\/wp-json\/wp\/v2\/pages"}],"about":[{"href":"https:\/\/www.individual-diving.de\/index.php\/wp-json\/wp\/v2\/types\/page"}],"author":[{"embeddable":true,"href":"https:\/\/www.individual-diving.de\/index.php\/wp-json\/wp\/v2\/users\/1"}],"replies":[{"embeddable":true,"href":"https:\/\/www.individual-diving.de\/index.php\/wp-json\/wp\/v2\/comments?post=122"}],"version-history":[{"count":7,"href":"https:\/\/www.individual-diving.de\/index.php\/wp-json\/wp\/v2\/pages\/122\/revisions"}],"predecessor-version":[{"id":255,"href":"https:\/\/www.individual-diving.de\/index.php\/wp-json\/wp\/v2\/pages\/122\/revisions\/255"}],"up":[{"embeddable":true,"href":"https:\/\/www.individual-diving.de\/index.php\/wp-json\/wp\/v2\/pages\/26"}],"wp:attachment":[{"href":"https:\/\/www.individual-diving.de\/index.php\/wp-json\/wp\/v2\/media?parent=122"}],"curies":[{"name":"wp","href":"https:\/\/api.w.org\/{rel}","templated":true}]}}