{"id":119,"date":"2020-02-18T18:04:51","date_gmt":"2020-02-18T17:04:51","guid":{"rendered":"http:\/\/dive.cologne\/wp\/wordpress\/?page_id=119"},"modified":"2026-03-18T10:00:26","modified_gmt":"2026-03-18T09:00:26","slug":"open-water-diver","status":"publish","type":"page","link":"https:\/\/www.individual-diving.de\/index.php\/kurse\/open-water-diver\/","title":{"rendered":"Der Open-Water-Diver-Kurs"},"content":{"rendered":"\n<p>Der Eintritt in die Unterwasser-Welt ist beim Sporttauchen der sogenannte Open-Water-Diver-Kurs, der mit dem Brevet (der Tauchlizenz) zum Open-Water-Diver abegeschlossen wird. Wir arbeiten mit dem Tauchverband <a rel=\"noreferrer noopener\" aria-label=\"Scuba Schools International (SSI) (\u00f6ffnet in neuem Tab)\" href=\"https:\/\/www.divessi.com\" target=\"_blank\">Scuba Schools International (SSI)<\/a> zusammen, einem international anerkannten Tauchverband, deren Brevets auch bei Tauchschulen anderer Verb\u00e4nde problemlos anerkannt werden.<\/p>\n\n\n\n<p>Das SSI-OWD-Brevet bescheinigt die Kenntnisse um international bis maximal 18 Meter (Kinder unter 12 Jahre maximal 12 Meter) tief zu tauchen.<\/p>\n\n\n\n<p>Die Philosophie bei <a aria-label=\"SSI (\u00f6ffnet in neuem Tab)\" href=\"https:\/\/www.divessi.com\" target=\"_blank\" rel=\"noreferrer noopener\">SSI<\/a> ist es, den Taucher mit allen theoretischen Kenntnissen und praktischen Fertigkeiten zu versorgen, sich sicher im Wasser zu bewegen und dabei selbst\u00e4ndig bei einfachen Tauchg\u00e4ngen Erfahrungen eigene Erfahrung zu sammeln. Anschlie\u00dfend k\u00f6nnen mit den Specialtys zus\u00e4tzliche Kenntnisse erlangt werden, um unter Wasser Aufgaben zu \u00fcbernehmen, wie das <a href=\"http:\/\/dive.cologne\/wp\/wordpress\/index.php\/specialty-navigation\/\">Navigieren<\/a> oder auch Spezialausr\u00fcstung zu verwenden, wie einen <a href=\"http:\/\/dive.cologne\/wp\/wordpress\/index.php\/specialty-dry-suit\/\">Trockenanzug<\/a> oder das Atemgas <a href=\"http:\/\/dive.cologne\/wp\/wordpress\/index.php\/specialty-nitrox\/\">Nitrox<\/a>.<\/p>\n\n\n<p><!--EndFragment-->Mit zwei Zusatzausbildungen und mindestens 12 Tauchg\u00e4ngen wird man zum Specialty-Taucher brevetiert, die Anerkennung daf\u00fcr, dass man sich weiter gebildet hat. Mit vier Specialtys und mindestens 24 absolvierten Tauchg\u00e4ngen wird man als Advanced-Open-Water-Diver anerkannt, der in der Lage ist unter Wasser nicht nur auf sich selbst zu achten, sondern auch \u00fcber die n\u00f6tige Erfahrung verf\u00fcgt, unterschiedliche Aufgaben unter Wasser wahrzunehmen.<\/p>\n<p>Das Ziel der Tauchausbildung ist der sogenannte Master-Diver, welcher mit mindestens 50 Tauchg\u00e4ngen, vier beliebig gew\u00e4hlten Specialties, sowie zus\u00e4tzlich den <a href=\"http:\/\/dive.cologne\/wp\/wordpress\/index.php\/specialty-stress-rescue\/\">Stress &amp; Rescue-Kurs<\/a> absolviert hat und somit auch qualifiziert ist, auf seine Tauchpartner zu achten und Hilfestellung zu leisten.<\/p>\n<p><\/p>\n<p><strong>Voraussetzungen<\/strong><\/p>\n<p> <\/p>\n<p>Mindestalter: 10 Jahre (bis inkl. 14 Jahre:\u00a0<a href=\"https:\/\/www.individual-diving.de\/index.php\/kurse\/junior-open-water-kurs\/\">Junior-Open-Water-Kurs<\/a>)<br \/>Ausbildungsstand: -\/-<\/p>\n<p> <\/p>\n<p><strong>Ablauf<\/strong><\/p>\n<p> <\/p>\n<p>Online-Theorie \u00fcber divessi.com, anschlie\u00dfend Online Theorie\u00fcberpr\u00fcfung in lockerer Diskussionsform, abschlie\u00dfend ein Multiple-Choice-Test<br \/>mindestens 3 Pool-Tauchg\u00e4nge, \u00fcblicherweise 4 an zwei Tagen<br \/>mindestens 4 Freiwassertauchg\u00e4nge, davon mindestens 2 im See.<\/p>\n<p><\/p>","protected":false},"excerpt":{"rendered":"<p>Der Eintritt in die Unterwasser-Welt ist beim Sporttauchen der sogenannte Open-Water-Diver-Kurs, der mit dem Brevet (der Tauchlizenz) zum Open-Water-Diver abegeschlossen[&#8230;]<\/p>\n","protected":false},"author":1,"featured_media":94,"parent":26,"menu_order":0,"comment_status":"closed","ping_status":"closed","template":"","meta":{"footnotes":""},"_links":{"self":[{"href":"https:\/\/www.individual-diving.de\/index.php\/wp-json\/wp\/v2\/pages\/119"}],"collection":[{"href":"https:\/\/www.individual-diving.de\/index.php\/wp-json\/wp\/v2\/pages"}],"about":[{"href":"https:\/\/www.individual-diving.de\/index.php\/wp-json\/wp\/v2\/types\/page"}],"author":[{"embeddable":true,"href":"https:\/\/www.individual-diving.de\/index.php\/wp-json\/wp\/v2\/users\/1"}],"replies":[{"embeddable":true,"href":"https:\/\/www.individual-diving.de\/index.php\/wp-json\/wp\/v2\/comments?post=119"}],"version-history":[{"count":4,"href":"https:\/\/www.individual-diving.de\/index.php\/wp-json\/wp\/v2\/pages\/119\/revisions"}],"predecessor-version":[{"id":258,"href":"https:\/\/www.individual-diving.de\/index.php\/wp-json\/wp\/v2\/pages\/119\/revisions\/258"}],"up":[{"embeddable":true,"href":"https:\/\/www.individual-diving.de\/index.php\/wp-json\/wp\/v2\/pages\/26"}],"wp:featuredmedia":[{"embeddable":true,"href":"https:\/\/www.individual-diving.de\/index.php\/wp-json\/wp\/v2\/media\/94"}],"wp:attachment":[{"href":"https:\/\/www.individual-diving.de\/index.php\/wp-json\/wp\/v2\/media?parent=119"}],"curies":[{"name":"wp","href":"https:\/\/api.w.org\/{rel}","templated":true}]}}